{"id":6864,"date":"2024-05-21T11:09:06","date_gmt":"2024-05-21T08:09:06","guid":{"rendered":"https:\/\/astoras.com.tr\/fr\/?page_id=6864"},"modified":"2024-07-12T13:23:33","modified_gmt":"2024-07-12T10:23:33","slug":"cellules-metalliques","status":"publish","type":"page","link":"https:\/\/astoras.com.tr\/fr\/des-produits\/cellules-metalliques\/","title":{"rendered":"Cellules M\u00e9talliques"},"content":{"rendered":"<div class=\"fusion-fullwidth fullwidth-box fusion-builder-row-1 fusion-flex-container has-pattern-background has-mask-background fusion-parallax-none nonhundred-percent-fullwidth non-hundred-percent-height-scrolling lazyload\" style=\"--awb-border-radius-top-left:0px;--awb-border-radius-top-right:0px;--awb-border-radius-bottom-right:0px;--awb-border-radius-bottom-left:0px;--awb-margin-top:150px;--awb-background-image:linear-gradient(180deg, var(--awb-color1) 0%,rgba(255,255,255,0) 23%);;--awb-background-size:cover;--awb-flex-wrap:wrap;\" data-bg=\"https:\/\/astoras.com.tr\/fr\/wp-content\/uploads\/2024\/05\/devam-eden-projectx-1-1024x656.png\" data-bg-gradient=\"linear-gradient(180deg, var(--awb-color1) 0%,rgba(255,255,255,0) 23%)\" ><div class=\"fusion-builder-row fusion-row fusion-flex-align-items-flex-start fusion-flex-content-wrap\" style=\"max-width:1216.8px;margin-left: calc(-4% \/ 2 );margin-right: calc(-4% \/ 2 );\"><div class=\"fusion-layout-column fusion_builder_column fusion-builder-column-0 fusion_builder_column_1_1 1_1 fusion-flex-column\" style=\"--awb-bg-size:cover;--awb-width-large:100%;--awb-margin-top-large:0px;--awb-spacing-right-large:1.92%;--awb-margin-bottom-large:20px;--awb-spacing-left-large:1.92%;--awb-width-medium:100%;--awb-order-medium:0;--awb-spacing-right-medium:1.92%;--awb-spacing-left-medium:1.92%;--awb-width-small:100%;--awb-order-small:0;--awb-spacing-right-small:1.92%;--awb-spacing-left-small:1.92%;\"><div class=\"fusion-column-wrapper fusion-column-has-shadow fusion-flex-justify-content-flex-start fusion-content-layout-column\"><div class=\"fusion-title title fusion-title-1 fusion-title-text fusion-title-size-three\"><div class=\"title-sep-container title-sep-container-left fusion-no-large-visibility\"><div class=\"title-sep sep- sep-solid\" style=\"border-color:var(--awb-color3);\"><\/div><\/div><span class=\"awb-title-spacer fusion-no-large-visibility\"><\/span><h3 class=\"fusion-title-heading title-heading-left md-text-align-center sm-text-align-center fusion-responsive-typography-calculated\" style=\"font-family:&quot;Roboto Slab&quot;;font-style:normal;font-weight:400;margin:0;text-transform:capitalize;--fontSize:25;line-height:1.4;\"><strong>CELLULES\u00a0<\/strong>METALLIQUES<\/h3><span class=\"awb-title-spacer\"><\/span><div class=\"title-sep-container title-sep-container-right\"><div class=\"title-sep sep- sep-solid\" style=\"border-color:var(--awb-color3);\"><\/div><\/div><\/div><\/div><\/div><div class=\"fusion-layout-column fusion_builder_column fusion-builder-column-1 fusion_builder_column_1_4 1_4 fusion-flex-column\" style=\"--awb-bg-size:cover;--awb-width-large:25%;--awb-margin-top-large:0px;--awb-spacing-right-large:7.68%;--awb-margin-bottom-large:20px;--awb-spacing-left-large:7.68%;--awb-width-medium:100%;--awb-order-medium:0;--awb-spacing-right-medium:1.92%;--awb-spacing-left-medium:1.92%;--awb-width-small:100%;--awb-order-small:0;--awb-spacing-right-small:1.92%;--awb-spacing-left-small:1.92%;\"><div class=\"fusion-column-wrapper fusion-column-has-shadow fusion-flex-justify-content-flex-start fusion-content-layout-column\"><div class=\"fusion-image-element \" style=\"text-align:center;--awb-max-width:400px;--awb-caption-title-font-family:var(--h2_typography-font-family);--awb-caption-title-font-weight:var(--h2_typography-font-weight);--awb-caption-title-font-style:var(--h2_typography-font-style);--awb-caption-title-size:var(--h2_typography-font-size);--awb-caption-title-transform:var(--h2_typography-text-transform);--awb-caption-title-line-height:var(--h2_typography-line-height);--awb-caption-title-letter-spacing:var(--h2_typography-letter-spacing);\"><span class=\" fusion-imageframe imageframe-none imageframe-1 hover-type-none\"><img decoding=\"async\" width=\"828\" height=\"692\" alt=\"\u00fcr\u00fcnler\" title=\"image00008\" src=\"https:\/\/astoras.com.tr\/fr\/wp-content\/uploads\/2024\/05\/image00008.png\" data-orig-src=\"https:\/\/astoras.com.tr\/fr\/wp-content\/uploads\/2024\/05\/image00008.png\" class=\"lazyload img-responsive wp-image-7649\" srcset=\"data:image\/svg+xml,%3Csvg%20xmlns%3D%27http%3A%2F%2Fwww.w3.org%2F2000%2Fsvg%27%20width%3D%27828%27%20height%3D%27692%27%20viewBox%3D%270%200%20828%20692%27%3E%3Crect%20width%3D%27828%27%20height%3D%27692%27%20fill-opacity%3D%220%22%2F%3E%3C%2Fsvg%3E\" data-srcset=\"https:\/\/astoras.com.tr\/fr\/wp-content\/uploads\/2024\/05\/image00008-200x167.png 200w, https:\/\/astoras.com.tr\/fr\/wp-content\/uploads\/2024\/05\/image00008-400x334.png 400w, https:\/\/astoras.com.tr\/fr\/wp-content\/uploads\/2024\/05\/image00008-600x501.png 600w, https:\/\/astoras.com.tr\/fr\/wp-content\/uploads\/2024\/05\/image00008-800x669.png 800w, https:\/\/astoras.com.tr\/fr\/wp-content\/uploads\/2024\/05\/image00008.png 828w\" data-sizes=\"auto\" data-orig-sizes=\"(max-width: 1024px) 100vw, (max-width: 640px) 100vw, 400px\" \/><\/span><\/div><\/div><\/div><div class=\"fusion-layout-column fusion_builder_column fusion-builder-column-2 fusion_builder_column_3_4 3_4 fusion-flex-column\" style=\"--awb-bg-size:cover;--awb-width-large:75%;--awb-margin-top-large:0px;--awb-spacing-right-large:2.56%;--awb-margin-bottom-large:20px;--awb-spacing-left-large:2.56%;--awb-width-medium:100%;--awb-order-medium:0;--awb-spacing-right-medium:1.92%;--awb-spacing-left-medium:1.92%;--awb-width-small:100%;--awb-order-small:0;--awb-spacing-right-small:1.92%;--awb-spacing-left-small:1.92%;\"><div class=\"fusion-column-wrapper fusion-column-has-shadow fusion-flex-justify-content-flex-start fusion-content-layout-column\"><div class=\"fusion-tabs fusion-tabs-1 classic nav-is-justified horizontal-tabs icon-position-left mobile-mode-accordion\" style=\"--awb-title-border-radius-top-left:0px;--awb-title-border-radius-top-right:0px;--awb-title-border-radius-bottom-right:0px;--awb-title-border-radius-bottom-left:0px;--awb-alignment:start;--awb-inactive-color:hsla(var(--awb-color8-h),var(--awb-color8-s),calc( var(--awb-color8-l) + 96% ),var(--awb-color8-a));--awb-background-color:var(--awb-color1);--awb-border-color:var(--awb-color3);--awb-active-border-color:var(--awb-color4);\"><div class=\"nav\"><ul class=\"nav-tabs nav-justified\" role=\"tablist\"><li class=\"active\" role=\"presentation\"><a class=\"tab-link\" data-toggle=\"tab\" role=\"tab\" aria-controls=\"tab-c53b8432346871bbf6e\" aria-selected=\"true\" id=\"fusion-tab-informationproduit\" href=\"#tab-c53b8432346871bbf6e\"><h4 class=\"fusion-tab-heading\">Information Produit<\/h4><\/a><\/li><li role=\"presentation\"><a class=\"tab-link\" data-toggle=\"tab\" role=\"tab\" aria-controls=\"tab-8db92527647bf4941b1\" aria-selected=\"false\" tabindex=\"-1\" id=\"fusion-tab-techniquecaract\u00e9ristiques\" href=\"#tab-8db92527647bf4941b1\"><h4 class=\"fusion-tab-heading\">Technique Caract\u00e9ristiques<\/h4><\/a><\/li><\/ul><\/div><div class=\"tab-content\"><div class=\"nav fusion-mobile-tab-nav\"><ul class=\"nav-tabs nav-justified\" role=\"tablist\"><li class=\"active\" role=\"presentation\"><a class=\"tab-link\" data-toggle=\"tab\" role=\"tab\" aria-controls=\"tab-c53b8432346871bbf6e\" aria-selected=\"true\" id=\"mobile-fusion-tab-informationproduit\" href=\"#tab-c53b8432346871bbf6e\"><h4 class=\"fusion-tab-heading\">Information Produit<\/h4><\/a><\/li><\/ul><\/div><div class=\"tab-pane fade fusion-clearfix in active\" role=\"tabpanel\" tabindex=\"0\" aria-labelledby=\"fusion-tab-informationproduit\" id=\"tab-c53b8432346871bbf6e\">\n<p>Les appareillages de la s\u00e9rie MCL au coffre m\u00e9tallique isol\u00e9s \u00e0 l&#8217;air de marque ASTOR sont con\u00e7us selon la norme CEI 62271-200 pour une utilisation jusqu&#8217;\u00e0 40.5 kV. Il r\u00e9pond toujours aux besoins avec des conceptions flexibles adapt\u00e9es aux projets. Les appareillages au coffre m\u00e9tallique de la s\u00e9rie MCL sont con\u00e7us pour \u00eatre utilis\u00e9s l\u00e0 o\u00f9 une continuit\u00e9 de service maximale est requise. Les appareillages au coffre m\u00e9tallique sont con\u00e7us pour les applications int\u00e9rieures. Habituellement, les cellules au coffre m\u00e9tallique sont utilis\u00e9es pour distribuer de l&#8217;\u00e9nergie \u00e9lectrique dans une vari\u00e9t\u00e9 d&#8217;applications exigeantes telles que les centrales \u00e9lectriques, les sous-stations \u00e9lectriques, les usines de ciment et de p\u00e9trochimie, les mines, les a\u00e9roports, les chemins de fer, les centres commerciaux et ils conviennent pour assurer le contr\u00f4le et la protection des transformateurs, des condensateurs et des moteurs.<\/p>\n<p><strong>AVANTAGES DES\u00a0<\/strong><strong>APPAREILLAGES\u00a0METAL CLAD S\u00c9RIE ASTOR MCL<\/strong><\/p>\n<p>\u2022 Continuit\u00e9 de service pour le r\u00e9seau<\/p>\n<p>\u2022 Un investissement optimis\u00e9 tout au long de la vie de votre installation<\/p>\n<p>\u2022 Possibilit\u00e9 d&#8217;inclure votre centrale moyenne tension dans le syst\u00e8me de t\u00e9l\u00e9surveillance et de contr\u00f4le.<\/p>\n<p>\u2022 R\u00e9sistance \u00e9lev\u00e9e au courant et aux courts-circuits (31,5 kA \/ 3 secondes)<\/p>\n<p>\u2022 Il garantit un niveau \u00e9lev\u00e9 de protection des personnes; Lorsqu&#8217;un compartiment accessible est ouvert, d&#8217;autres compartiments et \/ ou unit\u00e9s fonctionnelles peuvent rester sous tension.<\/p>\n<p>\u2022 \u00c9l\u00e9ments de commutation de type d\u00e9brochable qui peuvent \u00eatre facilement \u00e9chang\u00e9s entre les panneaux.<\/p>\n<p>\u2022 La maintenance, la r\u00e9paration et l&#8217;assemblage sur site peuvent \u00eatre effectu\u00e9s depuis l&#8217;avant ou l&#8217;arri\u00e8re des cellules.<\/p>\n<p>\u2022 L&#8217;appareillage est hautement modulaire, ce qui permet de s\u00e9lectionner facilement les composants requis pour toute application.<\/p>\n<\/div><div class=\"nav fusion-mobile-tab-nav\"><ul class=\"nav-tabs nav-justified\" role=\"tablist\"><li role=\"presentation\"><a class=\"tab-link\" data-toggle=\"tab\" role=\"tab\" aria-controls=\"tab-8db92527647bf4941b1\" aria-selected=\"false\" tabindex=\"-1\" id=\"mobile-fusion-tab-techniquecaract\u00e9ristiques\" href=\"#tab-8db92527647bf4941b1\"><h4 class=\"fusion-tab-heading\">Technique Caract\u00e9ristiques<\/h4><\/a><\/li><\/ul><\/div><div class=\"tab-pane fade fusion-clearfix\" role=\"tabpanel\" tabindex=\"0\" aria-labelledby=\"fusion-tab-techniquecaract\u00e9ristiques\" id=\"tab-8db92527647bf4941b1\">\n<p>&nbsp;<\/p>\n<p>&nbsp;<\/p>\n<\/div><\/div><\/div><div class=\"fusion-video fusion-youtube\" style=\"--awb-max-width:1920px;--awb-max-height:1080px;\"><div class=\"video-shortcode\"><lite-youtube videoid=\"GzBwoWw-jGM\" class=\"landscape\" params=\"wmode=transparent&autoplay=1&enablejsapi=1\" title=\"YouTube video player 1\" width=\"1920\" height=\"1080\" data-thumbnail-size=\"auto\"><\/lite-youtube><\/div><\/div><div class=\"fusion-video fusion-youtube\" style=\"--awb-max-width:1920px;--awb-max-height:1080px;--awb-margin-top:16px;\"><div class=\"video-shortcode\"><lite-youtube videoid=\"A7-49wN7Tu4\" class=\"landscape\" params=\"wmode=transparent&autoplay=1&enablejsapi=1\" title=\"YouTube video player 2\" width=\"1920\" height=\"1080\" data-thumbnail-size=\"auto\"><\/lite-youtube><\/div><\/div><div class=\"awb-gallery-wrapper awb-gallery-wrapper-1 button-span-no\" style=\"--more-btn-alignment:center;margin-top:16px;\"><div style=\"margin:-5px;--awb-bordersize:0px;\" class=\"fusion-gallery fusion-gallery-container fusion-grid-4 fusion-columns-total-6 fusion-gallery-layout-grid fusion-gallery-1\"><div style=\"padding:5px;\" class=\"fusion-grid-column fusion-gallery-column fusion-gallery-column-4 hover-type-none\"><div class=\"fusion-gallery-image\"><a href=\"https:\/\/astoras.com.tr\/fr\/wp-content\/uploads\/2024\/05\/metal-clad-urun-1.jpg\" rel=\"noreferrer\" data-rel=\"iLightbox[gallery_image_1]\" class=\"fusion-lightbox\" target=\"_self\"><img decoding=\"async\" src=\"https:\/\/astoras.com.tr\/fr\/wp-content\/uploads\/2024\/05\/metal-clad-urun-1.jpg\" data-orig-src=\"https:\/\/astoras.com.tr\/fr\/wp-content\/uploads\/2024\/05\/metal-clad-urun-1.jpg\" width=\"1440\" height=\"1105\" alt=\"\u00fcr\u00fcnler\" title=\"metal-clad-urun-1\" aria-label=\"metal-clad-urun-1\" class=\"lazyload img-responsive wp-image-6648\" srcset=\"data:image\/svg+xml,%3Csvg%20xmlns%3D%27http%3A%2F%2Fwww.w3.org%2F2000%2Fsvg%27%20width%3D%271440%27%20height%3D%271105%27%20viewBox%3D%270%200%201440%201105%27%3E%3Crect%20width%3D%271440%27%20height%3D%271105%27%20fill-opacity%3D%220%22%2F%3E%3C%2Fsvg%3E\" data-srcset=\"https:\/\/astoras.com.tr\/fr\/wp-content\/uploads\/2024\/05\/metal-clad-urun-1-200x153.jpg 200w, https:\/\/astoras.com.tr\/fr\/wp-content\/uploads\/2024\/05\/metal-clad-urun-1-400x307.jpg 400w, https:\/\/astoras.com.tr\/fr\/wp-content\/uploads\/2024\/05\/metal-clad-urun-1-600x460.jpg 600w, https:\/\/astoras.com.tr\/fr\/wp-content\/uploads\/2024\/05\/metal-clad-urun-1-800x614.jpg 800w, https:\/\/astoras.com.tr\/fr\/wp-content\/uploads\/2024\/05\/metal-clad-urun-1-1200x921.jpg 1200w, https:\/\/astoras.com.tr\/fr\/wp-content\/uploads\/2024\/05\/metal-clad-urun-1.jpg 1440w\" data-sizes=\"auto\" data-orig-sizes=\"(min-width: 2200px) 100vw, (min-width: 915px) 289px, (min-width: 824px) 385px, (min-width: 732px) 578px, (min-width: 640px) 732px, \" \/><\/a><\/div><\/div><div style=\"padding:5px;\" class=\"fusion-grid-column fusion-gallery-column fusion-gallery-column-4 hover-type-none\"><div class=\"fusion-gallery-image\"><a href=\"https:\/\/astoras.com.tr\/fr\/wp-content\/uploads\/2024\/05\/metal-clad-urun-2.jpg\" rel=\"noreferrer\" data-rel=\"iLightbox[gallery_image_1]\" class=\"fusion-lightbox\" target=\"_self\"><img decoding=\"async\" src=\"https:\/\/astoras.com.tr\/fr\/wp-content\/uploads\/2024\/05\/metal-clad-urun-2.jpg\" data-orig-src=\"https:\/\/astoras.com.tr\/fr\/wp-content\/uploads\/2024\/05\/metal-clad-urun-2.jpg\" width=\"1440\" height=\"1105\" alt=\"\u00fcr\u00fcnler\" title=\"metal-clad-urun-2\" aria-label=\"metal-clad-urun-2\" class=\"lazyload img-responsive wp-image-6877\" srcset=\"data:image\/svg+xml,%3Csvg%20xmlns%3D%27http%3A%2F%2Fwww.w3.org%2F2000%2Fsvg%27%20width%3D%271440%27%20height%3D%271105%27%20viewBox%3D%270%200%201440%201105%27%3E%3Crect%20width%3D%271440%27%20height%3D%271105%27%20fill-opacity%3D%220%22%2F%3E%3C%2Fsvg%3E\" data-srcset=\"https:\/\/astoras.com.tr\/fr\/wp-content\/uploads\/2024\/05\/metal-clad-urun-2-200x153.jpg 200w, https:\/\/astoras.com.tr\/fr\/wp-content\/uploads\/2024\/05\/metal-clad-urun-2-400x307.jpg 400w, https:\/\/astoras.com.tr\/fr\/wp-content\/uploads\/2024\/05\/metal-clad-urun-2-600x460.jpg 600w, https:\/\/astoras.com.tr\/fr\/wp-content\/uploads\/2024\/05\/metal-clad-urun-2-800x614.jpg 800w, https:\/\/astoras.com.tr\/fr\/wp-content\/uploads\/2024\/05\/metal-clad-urun-2-1200x921.jpg 1200w, https:\/\/astoras.com.tr\/fr\/wp-content\/uploads\/2024\/05\/metal-clad-urun-2.jpg 1440w\" data-sizes=\"auto\" data-orig-sizes=\"(min-width: 2200px) 100vw, (min-width: 915px) 289px, (min-width: 824px) 385px, (min-width: 732px) 578px, (min-width: 640px) 732px, \" \/><\/a><\/div><\/div><div style=\"padding:5px;\" class=\"fusion-grid-column fusion-gallery-column fusion-gallery-column-4 hover-type-none\"><div class=\"fusion-gallery-image\"><a href=\"https:\/\/astoras.com.tr\/fr\/wp-content\/uploads\/2024\/05\/metal-clad-urun-3.jpg\" rel=\"noreferrer\" data-rel=\"iLightbox[gallery_image_1]\" class=\"fusion-lightbox\" target=\"_self\"><img decoding=\"async\" src=\"https:\/\/astoras.com.tr\/fr\/wp-content\/uploads\/2024\/05\/metal-clad-urun-3.jpg\" data-orig-src=\"https:\/\/astoras.com.tr\/fr\/wp-content\/uploads\/2024\/05\/metal-clad-urun-3.jpg\" width=\"1440\" height=\"1105\" alt=\"\" title=\"metal-clad-urun-3\" aria-label=\"metal-clad-urun-3\" class=\"lazyload img-responsive wp-image-6879\" srcset=\"data:image\/svg+xml,%3Csvg%20xmlns%3D%27http%3A%2F%2Fwww.w3.org%2F2000%2Fsvg%27%20width%3D%271440%27%20height%3D%271105%27%20viewBox%3D%270%200%201440%201105%27%3E%3Crect%20width%3D%271440%27%20height%3D%271105%27%20fill-opacity%3D%220%22%2F%3E%3C%2Fsvg%3E\" data-srcset=\"https:\/\/astoras.com.tr\/fr\/wp-content\/uploads\/2024\/05\/metal-clad-urun-3-200x153.jpg 200w, https:\/\/astoras.com.tr\/fr\/wp-content\/uploads\/2024\/05\/metal-clad-urun-3-400x307.jpg 400w, https:\/\/astoras.com.tr\/fr\/wp-content\/uploads\/2024\/05\/metal-clad-urun-3-600x460.jpg 600w, https:\/\/astoras.com.tr\/fr\/wp-content\/uploads\/2024\/05\/metal-clad-urun-3-800x614.jpg 800w, https:\/\/astoras.com.tr\/fr\/wp-content\/uploads\/2024\/05\/metal-clad-urun-3-1200x921.jpg 1200w, https:\/\/astoras.com.tr\/fr\/wp-content\/uploads\/2024\/05\/metal-clad-urun-3.jpg 1440w\" data-sizes=\"auto\" data-orig-sizes=\"(min-width: 2200px) 100vw, (min-width: 915px) 289px, (min-width: 824px) 385px, (min-width: 732px) 578px, (min-width: 640px) 732px, \" \/><\/a><\/div><\/div><div style=\"padding:5px;\" class=\"fusion-grid-column fusion-gallery-column fusion-gallery-column-4 hover-type-none\"><div class=\"fusion-gallery-image\"><a href=\"https:\/\/astoras.com.tr\/fr\/wp-content\/uploads\/2024\/05\/metal-clad-urun-4.jpg\" rel=\"noreferrer\" data-rel=\"iLightbox[gallery_image_1]\" class=\"fusion-lightbox\" target=\"_self\"><img decoding=\"async\" src=\"https:\/\/astoras.com.tr\/fr\/wp-content\/uploads\/2024\/05\/metal-clad-urun-4.jpg\" data-orig-src=\"https:\/\/astoras.com.tr\/fr\/wp-content\/uploads\/2024\/05\/metal-clad-urun-4.jpg\" width=\"1440\" height=\"1105\" alt=\"\u00fcr\u00fcnler\" title=\"metal-clad-urun-4\" aria-label=\"metal-clad-urun-4\" class=\"lazyload img-responsive wp-image-6880\" srcset=\"data:image\/svg+xml,%3Csvg%20xmlns%3D%27http%3A%2F%2Fwww.w3.org%2F2000%2Fsvg%27%20width%3D%271440%27%20height%3D%271105%27%20viewBox%3D%270%200%201440%201105%27%3E%3Crect%20width%3D%271440%27%20height%3D%271105%27%20fill-opacity%3D%220%22%2F%3E%3C%2Fsvg%3E\" data-srcset=\"https:\/\/astoras.com.tr\/fr\/wp-content\/uploads\/2024\/05\/metal-clad-urun-4-200x153.jpg 200w, https:\/\/astoras.com.tr\/fr\/wp-content\/uploads\/2024\/05\/metal-clad-urun-4-400x307.jpg 400w, https:\/\/astoras.com.tr\/fr\/wp-content\/uploads\/2024\/05\/metal-clad-urun-4-600x460.jpg 600w, https:\/\/astoras.com.tr\/fr\/wp-content\/uploads\/2024\/05\/metal-clad-urun-4-800x614.jpg 800w, https:\/\/astoras.com.tr\/fr\/wp-content\/uploads\/2024\/05\/metal-clad-urun-4-1200x921.jpg 1200w, https:\/\/astoras.com.tr\/fr\/wp-content\/uploads\/2024\/05\/metal-clad-urun-4.jpg 1440w\" data-sizes=\"auto\" data-orig-sizes=\"(min-width: 2200px) 100vw, (min-width: 915px) 289px, (min-width: 824px) 385px, (min-width: 732px) 578px, (min-width: 640px) 732px, \" \/><\/a><\/div><\/div><div class=\"clearfix\"><\/div><div style=\"padding:5px;\" class=\"fusion-grid-column fusion-gallery-column fusion-gallery-column-4 hover-type-none\"><div class=\"fusion-gallery-image\"><a href=\"https:\/\/astoras.com.tr\/fr\/wp-content\/uploads\/2024\/05\/metal-clad-urun-5.jpg\" rel=\"noreferrer\" data-rel=\"iLightbox[gallery_image_1]\" class=\"fusion-lightbox\" target=\"_self\"><img decoding=\"async\" src=\"https:\/\/astoras.com.tr\/fr\/wp-content\/uploads\/2024\/05\/metal-clad-urun-5.jpg\" data-orig-src=\"https:\/\/astoras.com.tr\/fr\/wp-content\/uploads\/2024\/05\/metal-clad-urun-5.jpg\" width=\"1920\" height=\"1080\" alt=\"\u00fcr\u00fcnler\" title=\"metal-clad-urun-5\" aria-label=\"metal-clad-urun-5\" class=\"lazyload img-responsive wp-image-6882\" srcset=\"data:image\/svg+xml,%3Csvg%20xmlns%3D%27http%3A%2F%2Fwww.w3.org%2F2000%2Fsvg%27%20width%3D%271920%27%20height%3D%271080%27%20viewBox%3D%270%200%201920%201080%27%3E%3Crect%20width%3D%271920%27%20height%3D%271080%27%20fill-opacity%3D%220%22%2F%3E%3C%2Fsvg%3E\" data-srcset=\"https:\/\/astoras.com.tr\/fr\/wp-content\/uploads\/2024\/05\/metal-clad-urun-5-200x113.jpg 200w, https:\/\/astoras.com.tr\/fr\/wp-content\/uploads\/2024\/05\/metal-clad-urun-5-400x225.jpg 400w, https:\/\/astoras.com.tr\/fr\/wp-content\/uploads\/2024\/05\/metal-clad-urun-5-600x338.jpg 600w, https:\/\/astoras.com.tr\/fr\/wp-content\/uploads\/2024\/05\/metal-clad-urun-5-800x450.jpg 800w, https:\/\/astoras.com.tr\/fr\/wp-content\/uploads\/2024\/05\/metal-clad-urun-5-1200x675.jpg 1200w, https:\/\/astoras.com.tr\/fr\/wp-content\/uploads\/2024\/05\/metal-clad-urun-5.jpg 1920w\" data-sizes=\"auto\" data-orig-sizes=\"(min-width: 2200px) 100vw, (min-width: 915px) 289px, (min-width: 824px) 385px, (min-width: 732px) 578px, (min-width: 640px) 732px, \" \/><\/a><\/div><\/div><div style=\"padding:5px;\" class=\"fusion-grid-column fusion-gallery-column fusion-gallery-column-4 hover-type-none\"><div class=\"fusion-gallery-image\"><a href=\"https:\/\/astoras.com.tr\/fr\/wp-content\/uploads\/2024\/05\/metal-clad-urun-6.jpg\" rel=\"noreferrer\" data-rel=\"iLightbox[gallery_image_1]\" class=\"fusion-lightbox\" target=\"_self\"><img decoding=\"async\" src=\"https:\/\/astoras.com.tr\/fr\/wp-content\/uploads\/2024\/05\/metal-clad-urun-6.jpg\" data-orig-src=\"https:\/\/astoras.com.tr\/fr\/wp-content\/uploads\/2024\/05\/metal-clad-urun-6.jpg\" width=\"1920\" height=\"1080\" alt=\"\" title=\"metal-clad-urun-6\" aria-label=\"metal-clad-urun-6\" class=\"lazyload img-responsive wp-image-6883\" srcset=\"data:image\/svg+xml,%3Csvg%20xmlns%3D%27http%3A%2F%2Fwww.w3.org%2F2000%2Fsvg%27%20width%3D%271920%27%20height%3D%271080%27%20viewBox%3D%270%200%201920%201080%27%3E%3Crect%20width%3D%271920%27%20height%3D%271080%27%20fill-opacity%3D%220%22%2F%3E%3C%2Fsvg%3E\" data-srcset=\"https:\/\/astoras.com.tr\/fr\/wp-content\/uploads\/2024\/05\/metal-clad-urun-6-200x113.jpg 200w, https:\/\/astoras.com.tr\/fr\/wp-content\/uploads\/2024\/05\/metal-clad-urun-6-400x225.jpg 400w, https:\/\/astoras.com.tr\/fr\/wp-content\/uploads\/2024\/05\/metal-clad-urun-6-600x338.jpg 600w, https:\/\/astoras.com.tr\/fr\/wp-content\/uploads\/2024\/05\/metal-clad-urun-6-800x450.jpg 800w, https:\/\/astoras.com.tr\/fr\/wp-content\/uploads\/2024\/05\/metal-clad-urun-6-1200x675.jpg 1200w, https:\/\/astoras.com.tr\/fr\/wp-content\/uploads\/2024\/05\/metal-clad-urun-6.jpg 1920w\" data-sizes=\"auto\" data-orig-sizes=\"(min-width: 2200px) 100vw, (min-width: 915px) 289px, (min-width: 824px) 385px, (min-width: 732px) 578px, (min-width: 640px) 732px, \" \/><\/a><\/div><\/div><\/div><\/div><\/div><\/div><\/div><\/div>\n","protected":false},"excerpt":{"rendered":"","protected":false},"author":1,"featured_media":0,"parent":5227,"menu_order":0,"comment_status":"closed","ping_status":"closed","template":"100-width.php","meta":{"footnotes":""},"class_list":["post-6864","page","type-page","status-publish","hentry"],"_links":{"self":[{"href":"https:\/\/astoras.com.tr\/fr\/wp-json\/wp\/v2\/pages\/6864","targetHints":{"allow":["GET"]}}],"collection":[{"href":"https:\/\/astoras.com.tr\/fr\/wp-json\/wp\/v2\/pages"}],"about":[{"href":"https:\/\/astoras.com.tr\/fr\/wp-json\/wp\/v2\/types\/page"}],"author":[{"embeddable":true,"href":"https:\/\/astoras.com.tr\/fr\/wp-json\/wp\/v2\/users\/1"}],"replies":[{"embeddable":true,"href":"https:\/\/astoras.com.tr\/fr\/wp-json\/wp\/v2\/comments?post=6864"}],"version-history":[{"count":18,"href":"https:\/\/astoras.com.tr\/fr\/wp-json\/wp\/v2\/pages\/6864\/revisions"}],"predecessor-version":[{"id":8082,"href":"https:\/\/astoras.com.tr\/fr\/wp-json\/wp\/v2\/pages\/6864\/revisions\/8082"}],"up":[{"embeddable":true,"href":"https:\/\/astoras.com.tr\/fr\/wp-json\/wp\/v2\/pages\/5227"}],"wp:attachment":[{"href":"https:\/\/astoras.com.tr\/fr\/wp-json\/wp\/v2\/media?parent=6864"}],"curies":[{"name":"wp","href":"https:\/\/api.w.org\/{rel}","templated":true}]}}