{"id":6500,"date":"2024-05-17T16:53:06","date_gmt":"2024-05-17T13:53:06","guid":{"rendered":"https:\/\/astoras.com.tr\/fr\/?page_id=6500"},"modified":"2024-07-12T13:21:59","modified_gmt":"2024-07-12T10:21:59","slug":"transformateurs-industriels","status":"publish","type":"page","link":"https:\/\/astoras.com.tr\/fr\/des-produits\/transformateurs-industriels\/","title":{"rendered":"Transformateurs Industriels"},"content":{"rendered":"<div class=\"fusion-fullwidth fullwidth-box fusion-builder-row-1 fusion-flex-container has-pattern-background has-mask-background fusion-parallax-none nonhundred-percent-fullwidth non-hundred-percent-height-scrolling lazyload\" style=\"--awb-border-radius-top-left:0px;--awb-border-radius-top-right:0px;--awb-border-radius-bottom-right:0px;--awb-border-radius-bottom-left:0px;--awb-margin-top:150px;--awb-background-image:linear-gradient(180deg, var(--awb-color1) 0%,rgba(255,255,255,0) 23%);;--awb-background-size:cover;--awb-flex-wrap:wrap;\" data-bg=\"https:\/\/astoras.com.tr\/fr\/wp-content\/uploads\/2024\/05\/devam-eden-projectx-1-1024x656.png\" data-bg-gradient=\"linear-gradient(180deg, var(--awb-color1) 0%,rgba(255,255,255,0) 23%)\" ><div class=\"fusion-builder-row fusion-row fusion-flex-align-items-flex-start fusion-flex-content-wrap\" style=\"max-width:1216.8px;margin-left: calc(-4% \/ 2 );margin-right: calc(-4% \/ 2 );\"><div class=\"fusion-layout-column fusion_builder_column fusion-builder-column-0 fusion_builder_column_1_1 1_1 fusion-flex-column\" style=\"--awb-bg-size:cover;--awb-width-large:100%;--awb-margin-top-large:0px;--awb-spacing-right-large:1.92%;--awb-margin-bottom-large:20px;--awb-spacing-left-large:1.92%;--awb-width-medium:100%;--awb-order-medium:0;--awb-spacing-right-medium:1.92%;--awb-spacing-left-medium:1.92%;--awb-width-small:100%;--awb-order-small:0;--awb-spacing-right-small:1.92%;--awb-spacing-left-small:1.92%;\"><div class=\"fusion-column-wrapper fusion-column-has-shadow fusion-flex-justify-content-flex-start fusion-content-layout-column\"><div class=\"fusion-title title fusion-title-1 fusion-title-text fusion-title-size-three\"><div class=\"title-sep-container title-sep-container-left fusion-no-large-visibility\"><div class=\"title-sep sep- sep-solid\" style=\"border-color:var(--awb-color3);\"><\/div><\/div><span class=\"awb-title-spacer fusion-no-large-visibility\"><\/span><h3 class=\"fusion-title-heading title-heading-left md-text-align-center sm-text-align-center fusion-responsive-typography-calculated\" style=\"font-family:&quot;Roboto Slab&quot;;font-style:normal;font-weight:400;margin:0;text-transform:capitalize;--fontSize:25;line-height:1.4;\"><strong>TRANSFORMATEURS\u00a0<\/strong>INDUSTRIELS<\/h3><span class=\"awb-title-spacer\"><\/span><div class=\"title-sep-container title-sep-container-right\"><div class=\"title-sep sep- sep-solid\" style=\"border-color:var(--awb-color3);\"><\/div><\/div><\/div><\/div><\/div><div class=\"fusion-layout-column fusion_builder_column fusion-builder-column-1 fusion_builder_column_1_4 1_4 fusion-flex-column\" style=\"--awb-bg-size:cover;--awb-width-large:25%;--awb-margin-top-large:0px;--awb-spacing-right-large:7.68%;--awb-margin-bottom-large:20px;--awb-spacing-left-large:7.68%;--awb-width-medium:100%;--awb-order-medium:0;--awb-spacing-right-medium:1.92%;--awb-spacing-left-medium:1.92%;--awb-width-small:100%;--awb-order-small:0;--awb-spacing-right-small:1.92%;--awb-spacing-left-small:1.92%;\"><div class=\"fusion-column-wrapper fusion-column-has-shadow fusion-flex-justify-content-flex-start fusion-content-layout-column\"><div class=\"fusion-image-element \" style=\"text-align:center;--awb-max-width:400px;--awb-caption-title-font-family:var(--h2_typography-font-family);--awb-caption-title-font-weight:var(--h2_typography-font-weight);--awb-caption-title-font-style:var(--h2_typography-font-style);--awb-caption-title-size:var(--h2_typography-font-size);--awb-caption-title-transform:var(--h2_typography-text-transform);--awb-caption-title-line-height:var(--h2_typography-line-height);--awb-caption-title-letter-spacing:var(--h2_typography-letter-spacing);\"><span class=\" fusion-imageframe imageframe-none imageframe-1 hover-type-none\"><img decoding=\"async\" width=\"828\" height=\"706\" alt=\"\u00fcr\u00fcnler\" title=\"image00001\" src=\"https:\/\/astoras.com.tr\/fr\/wp-content\/uploads\/2024\/05\/image00001.png\" data-orig-src=\"https:\/\/astoras.com.tr\/fr\/wp-content\/uploads\/2024\/05\/image00001.png\" class=\"lazyload img-responsive wp-image-7642\" srcset=\"data:image\/svg+xml,%3Csvg%20xmlns%3D%27http%3A%2F%2Fwww.w3.org%2F2000%2Fsvg%27%20width%3D%27828%27%20height%3D%27706%27%20viewBox%3D%270%200%20828%20706%27%3E%3Crect%20width%3D%27828%27%20height%3D%27706%27%20fill-opacity%3D%220%22%2F%3E%3C%2Fsvg%3E\" data-srcset=\"https:\/\/astoras.com.tr\/fr\/wp-content\/uploads\/2024\/05\/image00001-200x171.png 200w, https:\/\/astoras.com.tr\/fr\/wp-content\/uploads\/2024\/05\/image00001-400x341.png 400w, https:\/\/astoras.com.tr\/fr\/wp-content\/uploads\/2024\/05\/image00001-600x512.png 600w, https:\/\/astoras.com.tr\/fr\/wp-content\/uploads\/2024\/05\/image00001-800x682.png 800w, https:\/\/astoras.com.tr\/fr\/wp-content\/uploads\/2024\/05\/image00001.png 828w\" data-sizes=\"auto\" data-orig-sizes=\"(max-width: 1024px) 100vw, (max-width: 640px) 100vw, 400px\" \/><\/span><\/div><\/div><\/div><div class=\"fusion-layout-column fusion_builder_column fusion-builder-column-2 fusion_builder_column_3_4 3_4 fusion-flex-column\" style=\"--awb-bg-size:cover;--awb-width-large:75%;--awb-margin-top-large:0px;--awb-spacing-right-large:2.56%;--awb-margin-bottom-large:20px;--awb-spacing-left-large:2.56%;--awb-width-medium:100%;--awb-order-medium:0;--awb-spacing-right-medium:1.92%;--awb-spacing-left-medium:1.92%;--awb-width-small:100%;--awb-order-small:0;--awb-spacing-right-small:1.92%;--awb-spacing-left-small:1.92%;\"><div class=\"fusion-column-wrapper fusion-column-has-shadow fusion-flex-justify-content-flex-start fusion-content-layout-column\"><div class=\"fusion-tabs fusion-tabs-1 classic nav-is-justified horizontal-tabs icon-position-left mobile-mode-accordion\" style=\"--awb-title-border-radius-top-left:0px;--awb-title-border-radius-top-right:0px;--awb-title-border-radius-bottom-right:0px;--awb-title-border-radius-bottom-left:0px;--awb-alignment:start;--awb-inactive-color:hsla(var(--awb-color8-h),var(--awb-color8-s),calc( var(--awb-color8-l) + 96% ),var(--awb-color8-a));--awb-background-color:var(--awb-color1);--awb-border-color:var(--awb-color3);--awb-active-border-color:var(--awb-color4);\"><div class=\"nav\"><ul class=\"nav-tabs nav-justified\" role=\"tablist\"><li class=\"active\" role=\"presentation\"><a class=\"tab-link\" data-toggle=\"tab\" role=\"tab\" aria-controls=\"tab-215df786027e49f1673\" aria-selected=\"true\" id=\"fusion-tab-informationproduit\" href=\"#tab-215df786027e49f1673\"><h4 class=\"fusion-tab-heading\">Information Produit<\/h4><\/a><\/li><li role=\"presentation\"><a class=\"tab-link\" data-toggle=\"tab\" role=\"tab\" aria-controls=\"tab-9757bda1c92b9feed0e\" aria-selected=\"false\" tabindex=\"-1\" id=\"fusion-tab-techniquecaract\u00e9ristiques\" href=\"#tab-9757bda1c92b9feed0e\"><h4 class=\"fusion-tab-heading\">Technique Caract\u00e9ristiques<\/h4><\/a><\/li><\/ul><\/div><div class=\"tab-content\"><div class=\"nav fusion-mobile-tab-nav\"><ul class=\"nav-tabs nav-justified\" role=\"tablist\"><li class=\"active\" role=\"presentation\"><a class=\"tab-link\" data-toggle=\"tab\" role=\"tab\" aria-controls=\"tab-215df786027e49f1673\" aria-selected=\"true\" id=\"mobile-fusion-tab-informationproduit\" href=\"#tab-215df786027e49f1673\"><h4 class=\"fusion-tab-heading\">Information Produit<\/h4><\/a><\/li><\/ul><\/div><div class=\"tab-pane fade fusion-clearfix in active\" role=\"tabpanel\" tabindex=\"0\" aria-labelledby=\"fusion-tab-informationproduit\" id=\"tab-215df786027e49f1673\">\n<p>Les transformateurs con\u00e7us pour fonctionner dans des conditions de fonctionnement sp\u00e9cifiques \u00e0 des fins sp\u00e9ciales, avec des surintensit\u00e9s, des surtensions et des charges r\u00e9actives sont appel\u00e9s transformateurs industriels. En raison des conditions<\/p>\n<p>Sp\u00e9ciales de fonctionnement, les conceptions de ce type de transformateurs sont sp\u00e9cialement \u00e9tudi\u00e9es. Les transformateurs industriels sont consid\u00e9r\u00e9s comme le point culminant du secteur des transformateurs en raison des connaissances, de la fabrication, de l&#8217;exp\u00e9rience, du soin et de la pr\u00e9cision requis par la technologie de conception et de production.<\/p>\n<p>En ce qui concerne ces types de transformateurs utilis\u00e9s \u00e0 des fins diverses telles que les r\u00e9acteurs shunt, les transformateurs de four \u00e0 arc, les transformateurs redresseurs de courant, les transformateurs d\u00e9phaseurs, les transformateurs de filtre \u00e9lectrostatique, les transformateurs de mise \u00e0 la terre, notre soci\u00e9t\u00e9 sert ses clients gr\u00e2ce \u00e9 son personnel d&#8217;ing\u00e9nieurs comp\u00e9tents et exp\u00e9riment\u00e9s et \u00e0 son centre des R&amp;D.<\/p>\n<\/div><div class=\"nav fusion-mobile-tab-nav\"><ul class=\"nav-tabs nav-justified\" role=\"tablist\"><li role=\"presentation\"><a class=\"tab-link\" data-toggle=\"tab\" role=\"tab\" aria-controls=\"tab-9757bda1c92b9feed0e\" aria-selected=\"false\" tabindex=\"-1\" id=\"mobile-fusion-tab-techniquecaract\u00e9ristiques\" href=\"#tab-9757bda1c92b9feed0e\"><h4 class=\"fusion-tab-heading\">Technique Caract\u00e9ristiques<\/h4><\/a><\/li><\/ul><\/div><div class=\"tab-pane fade fusion-clearfix\" role=\"tabpanel\" tabindex=\"0\" aria-labelledby=\"fusion-tab-techniquecaract\u00e9ristiques\" id=\"tab-9757bda1c92b9feed0e\">\n<p>&nbsp;<\/p>\n<p>&nbsp;<\/p>\n<\/div><\/div><\/div><\/div><\/div><div class=\"fusion-layout-column fusion_builder_column fusion-builder-column-3 fusion_builder_column_1_1 1_1 fusion-flex-column\" style=\"--awb-bg-size:cover;--awb-width-large:100%;--awb-margin-top-large:0px;--awb-spacing-right-large:1.92%;--awb-margin-bottom-large:20px;--awb-spacing-left-large:1.92%;--awb-width-medium:100%;--awb-order-medium:0;--awb-spacing-right-medium:1.92%;--awb-spacing-left-medium:1.92%;--awb-width-small:100%;--awb-order-small:0;--awb-spacing-right-small:1.92%;--awb-spacing-left-small:1.92%;\"><div class=\"fusion-column-wrapper fusion-column-has-shadow fusion-flex-justify-content-flex-start fusion-content-layout-column\"><div class=\"fusion-title title fusion-title-2 fusion-title-text fusion-title-size-three\" style=\"--awb-margin-top:50px;\"><div class=\"title-sep-container title-sep-container-left fusion-no-large-visibility fusion-no-medium-visibility fusion-no-small-visibility\"><div class=\"title-sep sep- sep-solid\" style=\"border-color:var(--awb-color3);\"><\/div><\/div><span class=\"awb-title-spacer fusion-no-large-visibility fusion-no-medium-visibility fusion-no-small-visibility\"><\/span><h3 class=\"fusion-title-heading title-heading-left fusion-responsive-typography-calculated\" style=\"margin:0;text-transform:capitalize;--fontSize:25;line-height:1.4;\"><p>Photos<\/p>\n<div id=\"gtx-trans\" style=\"position: absolute; left: 221px; top: -10.1408px;\">\n<div class=\"gtx-trans-icon\"><\/div>\n<\/div><\/h3><span class=\"awb-title-spacer\"><\/span><div class=\"title-sep-container title-sep-container-right\"><div class=\"title-sep sep- sep-solid\" style=\"border-color:var(--awb-color3);\"><\/div><\/div><\/div><div class=\"awb-gallery-wrapper awb-gallery-wrapper-1 button-span-no\" style=\"--more-btn-alignment:center;margin-bottom:50px;\"><div style=\"margin:-5px;--awb-bordersize:0px;\" class=\"fusion-gallery fusion-gallery-container fusion-grid-3 fusion-columns-total-2 fusion-gallery-layout-grid fusion-gallery-1\"><div style=\"padding:5px;\" class=\"fusion-grid-column fusion-gallery-column fusion-gallery-column-3 hover-type-none\"><div class=\"fusion-gallery-image\"><a href=\"https:\/\/astoras.com.tr\/fr\/wp-content\/uploads\/2024\/05\/ott-1.jpg\" rel=\"noreferrer\" data-rel=\"iLightbox[gallery_image_1]\" class=\"fusion-lightbox\" target=\"_self\"><img decoding=\"async\" src=\"https:\/\/astoras.com.tr\/fr\/wp-content\/uploads\/2024\/05\/ott-1.jpg\" data-orig-src=\"https:\/\/astoras.com.tr\/fr\/wp-content\/uploads\/2024\/05\/ott-1.jpg\" width=\"1600\" height=\"900\" alt=\"\u00f6zel tip transformat\u00f6r\" title=\"ott-1\" aria-label=\"ott-1\" class=\"lazyload img-responsive wp-image-6507\" srcset=\"data:image\/svg+xml,%3Csvg%20xmlns%3D%27http%3A%2F%2Fwww.w3.org%2F2000%2Fsvg%27%20width%3D%271600%27%20height%3D%27900%27%20viewBox%3D%270%200%201600%20900%27%3E%3Crect%20width%3D%271600%27%20height%3D%27900%27%20fill-opacity%3D%220%22%2F%3E%3C%2Fsvg%3E\" data-srcset=\"https:\/\/astoras.com.tr\/fr\/wp-content\/uploads\/2024\/05\/ott-1-200x113.jpg 200w, https:\/\/astoras.com.tr\/fr\/wp-content\/uploads\/2024\/05\/ott-1-400x225.jpg 400w, https:\/\/astoras.com.tr\/fr\/wp-content\/uploads\/2024\/05\/ott-1-600x338.jpg 600w, https:\/\/astoras.com.tr\/fr\/wp-content\/uploads\/2024\/05\/ott-1-800x450.jpg 800w, https:\/\/astoras.com.tr\/fr\/wp-content\/uploads\/2024\/05\/ott-1-1200x675.jpg 1200w, https:\/\/astoras.com.tr\/fr\/wp-content\/uploads\/2024\/05\/ott-1.jpg 1600w\" data-sizes=\"auto\" data-orig-sizes=\"(min-width: 2200px) 100vw, (min-width: 824px) 387px, (min-width: 732px) 580px, (min-width: 640px) 732px, \" \/><\/a><\/div><\/div><div style=\"padding:5px;\" class=\"fusion-grid-column fusion-gallery-column fusion-gallery-column-3 hover-type-none\"><div class=\"fusion-gallery-image\"><a href=\"https:\/\/astoras.com.tr\/fr\/wp-content\/uploads\/2024\/05\/ott-2-scaled.jpg\" rel=\"noreferrer\" data-rel=\"iLightbox[gallery_image_1]\" class=\"fusion-lightbox\" target=\"_self\"><img decoding=\"async\" src=\"https:\/\/astoras.com.tr\/fr\/wp-content\/uploads\/2024\/05\/ott-2-scaled.jpg\" data-orig-src=\"https:\/\/astoras.com.tr\/fr\/wp-content\/uploads\/2024\/05\/ott-2-scaled.jpg\" width=\"2560\" height=\"1440\" alt=\"\u00f6zel tip transformat\u00f6r\" title=\"ott-2\" aria-label=\"ott-2\" class=\"lazyload img-responsive wp-image-6509\" srcset=\"data:image\/svg+xml,%3Csvg%20xmlns%3D%27http%3A%2F%2Fwww.w3.org%2F2000%2Fsvg%27%20width%3D%272560%27%20height%3D%271440%27%20viewBox%3D%270%200%202560%201440%27%3E%3Crect%20width%3D%272560%27%20height%3D%271440%27%20fill-opacity%3D%220%22%2F%3E%3C%2Fsvg%3E\" data-srcset=\"https:\/\/astoras.com.tr\/fr\/wp-content\/uploads\/2024\/05\/ott-2-200x113.jpg 200w, https:\/\/astoras.com.tr\/fr\/wp-content\/uploads\/2024\/05\/ott-2-400x225.jpg 400w, https:\/\/astoras.com.tr\/fr\/wp-content\/uploads\/2024\/05\/ott-2-600x338.jpg 600w, https:\/\/astoras.com.tr\/fr\/wp-content\/uploads\/2024\/05\/ott-2-800x450.jpg 800w, https:\/\/astoras.com.tr\/fr\/wp-content\/uploads\/2024\/05\/ott-2-1200x675.jpg 1200w, https:\/\/astoras.com.tr\/fr\/wp-content\/uploads\/2024\/05\/ott-2-scaled.jpg 2560w\" data-sizes=\"auto\" data-orig-sizes=\"(min-width: 2200px) 100vw, (min-width: 824px) 387px, (min-width: 732px) 580px, (min-width: 640px) 732px, \" \/><\/a><\/div><\/div><\/div><\/div><\/div><\/div><\/div><\/div>\n","protected":false},"excerpt":{"rendered":"","protected":false},"author":1,"featured_media":0,"parent":5227,"menu_order":0,"comment_status":"closed","ping_status":"closed","template":"100-width.php","meta":{"footnotes":""},"class_list":["post-6500","page","type-page","status-publish","hentry"],"_links":{"self":[{"href":"https:\/\/astoras.com.tr\/fr\/wp-json\/wp\/v2\/pages\/6500","targetHints":{"allow":["GET"]}}],"collection":[{"href":"https:\/\/astoras.com.tr\/fr\/wp-json\/wp\/v2\/pages"}],"about":[{"href":"https:\/\/astoras.com.tr\/fr\/wp-json\/wp\/v2\/types\/page"}],"author":[{"embeddable":true,"href":"https:\/\/astoras.com.tr\/fr\/wp-json\/wp\/v2\/users\/1"}],"replies":[{"embeddable":true,"href":"https:\/\/astoras.com.tr\/fr\/wp-json\/wp\/v2\/comments?post=6500"}],"version-history":[{"count":11,"href":"https:\/\/astoras.com.tr\/fr\/wp-json\/wp\/v2\/pages\/6500\/revisions"}],"predecessor-version":[{"id":8080,"href":"https:\/\/astoras.com.tr\/fr\/wp-json\/wp\/v2\/pages\/6500\/revisions\/8080"}],"up":[{"embeddable":true,"href":"https:\/\/astoras.com.tr\/fr\/wp-json\/wp\/v2\/pages\/5227"}],"wp:attachment":[{"href":"https:\/\/astoras.com.tr\/fr\/wp-json\/wp\/v2\/media?parent=6500"}],"curies":[{"name":"wp","href":"https:\/\/api.w.org\/{rel}","templated":true}]}}