{"id":5852,"date":"2024-05-15T14:49:03","date_gmt":"2024-05-15T11:49:03","guid":{"rendered":"https:\/\/astoras.com.tr\/fr\/?page_id=5852"},"modified":"2024-09-09T09:18:15","modified_gmt":"2024-09-09T06:18:15","slug":"le-message-du-president","status":"publish","type":"page","link":"https:\/\/astoras.com.tr\/fr\/le-message-du-president\/","title":{"rendered":"Le Message du President"},"content":{"rendered":"<p><div class=\"fusion-fullwidth fullwidth-box fusion-builder-row-1 fusion-flex-container has-pattern-background has-mask-background nonhundred-percent-fullwidth non-hundred-percent-height-scrolling\" style=\"--awb-border-radius-top-left:0px;--awb-border-radius-top-right:0px;--awb-border-radius-bottom-right:0px;--awb-border-radius-bottom-left:0px;--awb-padding-top:200px;--awb-padding-bottom:110px;--awb-margin-top:0px;--awb-margin-bottom:0px;--awb-background-color:var(--awb-color2);--awb-background-image:radial-gradient(circle at left top, var(--awb-color4) 0%,rgba(255,255,255,0) 0%);--awb-flex-wrap:wrap;\" ><div class=\"fusion-builder-row fusion-row fusion-flex-align-items-flex-start fusion-flex-content-wrap\" style=\"max-width:1216.8px;margin-left: calc(-4% \/ 2 );margin-right: calc(-4% \/ 2 );\"><div class=\"fusion-layout-column fusion_builder_column fusion-builder-column-0 fusion_builder_column_1_1 1_1 fusion-flex-column\" style=\"--awb-padding-right:25px;--awb-padding-left:25px;--awb-bg-size:cover;--awb-width-large:100%;--awb-margin-top-large:0px;--awb-spacing-right-large:1.92%;--awb-margin-bottom-large:20px;--awb-spacing-left-large:1.92%;--awb-width-medium:100%;--awb-order-medium:0;--awb-margin-top-medium:50px;--awb-spacing-right-medium:1.92%;--awb-spacing-left-medium:1.92%;--awb-width-small:100%;--awb-order-small:0;--awb-spacing-right-small:1.92%;--awb-spacing-left-small:1.92%;\"><div class=\"fusion-column-wrapper fusion-column-has-shadow fusion-flex-justify-content-flex-start fusion-content-layout-column\"><div class=\"fusion-title title fusion-title-1 fusion-title-text fusion-title-size-one\" style=\"--awb-text-color:var(--awb-color4);--awb-font-size:40px;\"><div class=\"title-sep-container title-sep-container-left fusion-no-large-visibility fusion-no-medium-visibility fusion-no-small-visibility\"><div class=\"title-sep sep- sep-solid\" style=\"border-color:var(--awb-color3);\"><\/div><\/div><span class=\"awb-title-spacer fusion-no-large-visibility fusion-no-medium-visibility fusion-no-small-visibility\"><\/span><h1 class=\"fusion-title-heading title-heading-left fusion-responsive-typography-calculated\" style=\"font-family:&quot;DIN EXTRA BOLD&quot;;font-style:normal;font-weight:400;margin:0;font-size:1em;letter-spacing:-2%;text-transform:var(--awb-typography1-text-transform);--fontSize:40;line-height:1.2;\"><p><strong>Le Message du President<\/strong><\/p>\n<p>&nbsp;<\/p><\/h1><span class=\"awb-title-spacer\"><\/span><div class=\"title-sep-container title-sep-container-right\"><div class=\"title-sep sep- sep-solid\" style=\"border-color:var(--awb-color3);\"><\/div><\/div><\/div><div class=\"fusion-text fusion-text-1\" style=\"--awb-content-alignment:justify;--awb-text-color:var(--awb-color6);\"><p>Chers clients et Ch\u00e8res parties prenantes ;<\/p>\n<p>La S.A. ASTOR Transformateurs est une grande famille qui s&#8217;appuie sur les valeurs, la force et l&#8217;avenir de notre pays et poursuit ses investissements en suivant de tout pr\u00e8s la technologie de pointe depuis le jour de sa cr\u00e9ation, et contribuant non seulement \u00e0 l&#8217;\u00e9conomie nationale dans le pays avec ses ventes internes mais aussi tout en exportant ses produits dans 72&nbsp;pays du monde.<\/p>\n<p>Dans le cadre de sa strat\u00e9gie de croissance centr\u00e9e sur l&#8217;Ar-Ge (C-\u00e0-dire, R&amp;D, Recherches &amp; D\u00e9veloppements), La S.A.ASTOR Transformateurs a commenc\u00e9 sa fabrication au second semestre de l\u2019ann\u00e9e 2017, tout en achevant la construction de l&#8217;usine de pointe, qui a d\u00e9marr\u00e9 en septembre 2016, dans les 2e et 3e zones industrielles organis\u00e9es d&#8217;Ankara, malgr\u00e9 toutes les donn\u00e9es \u00e9conomiques n\u00e9gatives existantes dans le Monde. Nous avons commenc\u00e9 la fabrication et la vente des produits de commutation OG et de sous-stations de transformateurs compacts sous la marque ASTOR pour la premi\u00e8re fois dans notre usine, qui a constamment travaill\u00e9 jour et nuit, avec les derniers syst\u00e8mes technologiques sous peu de temps comme un an. Nous sommes devenus l&#8217;une des rares entreprises au Monde \u00e0 pouvoir produire des transformateurs jusqu&#8217;\u00e0 800 kV 1000 MVA. Nous avons consolid\u00e9 notre leadership dans le secteur de transformateurs de distribution du type \u00e0 l&#8217;huile.<\/p>\n<p>Ce processus difficile qui va vers le succ\u00e8s a \u00e9t\u00e9 achev\u00e9 pour l&#8217;instant avec le personnel qualifi\u00e9 de la famille ASTOR. Il y a \u00e0 peine deux ans notre famille qui comptait environ 1500 personnes, elle d\u00e9passe actuellement quelques 2000. Nous continuerons notre route avec des pas s\u00fbrs gr\u00e2ce \u00e0 la d\u00e9termination et \u00e0 la confiance totales qu\u2019ils nous accordent toujours, nos chers clients et nos ch\u00e8res parties prenantes.<\/p>\n<p>Meilleures salutations ;<\/p>\n<div id=\"gtx-trans\" style=\"position: absolute; left: 10px; top: 982.076px;\">\n<div class=\"gtx-trans-icon\">&nbsp;<\/div>\n<\/div>\n<\/div><div class=\"fusion-text fusion-text-2\" style=\"--awb-font-size:48px;--awb-line-height:28px;--awb-letter-spacing:-2%;--awb-text-color:var(--awb-color7);--awb-text-font-family:&quot;RETRO SIGNATURE&quot;;--awb-text-font-style:normal;--awb-text-font-weight:400;\"><p style=\"text-align: right;\">Feridun Gecgel<\/p>\n<\/div><div class=\"fusion-text fusion-text-3\" style=\"--awb-font-size:15px;--awb-line-height:25px;--awb-letter-spacing:-2%;--awb-text-color:var(--awb-color4);--awb-text-font-family:&quot;DIN EXTRA BOLD&quot;;--awb-text-font-style:normal;--awb-text-font-weight:400;\"><p style=\"text-align: right;\">Pr\u00e9sident du Conseil d\u2019Administration<\/p>\n<\/div><\/div><\/div><\/div><\/div><div class=\"fusion-fullwidth fullwidth-box fusion-builder-row-2 fusion-flex-container has-pattern-background has-mask-background hundred-percent-fullwidth hundred-percent-height hundred-percent-height-center-content non-hundred-percent-height-scrolling fusion-custom-z-index fusion-absolute-container fusion-absolute-position-small fusion-absolute-position-medium fusion-absolute-position-large\" style=\"--awb-border-radius-top-left:0px;--awb-border-radius-top-right:0px;--awb-border-radius-bottom-right:0px;--awb-border-radius-bottom-left:0px;--awb-z-index:99;--awb-padding-top:0px;--awb-padding-right:0px;--awb-padding-bottom:0px;--awb-padding-left:0px;--awb-margin-top:-100vh;--awb-margin-bottom:0px;--awb-flex-wrap:wrap;--awb-filter:blur(8px);--awb-filter-transition:filter 0.3s ease;--awb-filter-hover:blur(0px);\" ><div class=\"fusion-builder-row fusion-row fusion-flex-align-items-stretch fusion-flex-align-content-space-between fusion-flex-justify-content-space-around fusion-flex-content-wrap\" style=\"width:104% !important;max-width:104% !important;margin-left: calc(-4% \/ 2 );margin-right: calc(-4% \/ 2 );\"><div class=\"fusion-layout-column fusion_builder_column fusion-builder-column-1 fusion_builder_column_1_1 1_1 fusion-flex-column single_red_dot blurry_background_animation\" style=\"--awb-padding-top:0px;--awb-padding-right:0px;--awb-padding-bottom:00px;--awb-padding-left:0px;--awb-bg-image:radial-gradient(circle at right center, var(--awb-color4) 5%,rgba(255,255,255,0) 12%);--awb-bg-size:cover;--awb-width-large:100%;--awb-margin-top-large:100px;--awb-spacing-right-large:0px;--awb-margin-bottom-large:0px;--awb-spacing-left-large:0px;--awb-width-medium:100%;--awb-order-medium:0;--awb-spacing-right-medium:1.92%;--awb-spacing-left-medium:1.92%;--awb-width-small:100%;--awb-order-small:0;--awb-spacing-right-small:1.92%;--awb-spacing-left-small:1.92%;\"><div class=\"fusion-column-wrapper fusion-column-has-shadow fusion-flex-justify-content-flex-start fusion-content-layout-row\"><\/div><\/div><div class=\"fusion-layout-column fusion_builder_column fusion-builder-column-2 fusion_builder_column_1_1 1_1 fusion-flex-column single_red_dot blurry_background_animation\" style=\"--awb-padding-top:0px;--awb-padding-right:0px;--awb-padding-bottom:00px;--awb-padding-left:0px;--awb-bg-image:radial-gradient(circle at left center, var(--awb-color4) 5%,rgba(255,255,255,0) 12%);--awb-bg-size:cover;--awb-width-large:100%;--awb-margin-top-large:0px;--awb-spacing-right-large:0px;--awb-margin-bottom-large:0px;--awb-spacing-left-large:0px;--awb-width-medium:100%;--awb-order-medium:0;--awb-spacing-right-medium:1.92%;--awb-spacing-left-medium:1.92%;--awb-width-small:100%;--awb-order-small:0;--awb-spacing-right-small:1.92%;--awb-spacing-left-small:1.92%;\"><div class=\"fusion-column-wrapper fusion-column-has-shadow fusion-flex-justify-content-flex-start fusion-content-layout-row\"><\/div><\/div><\/div><\/div><\/p>\n","protected":false},"excerpt":{"rendered":"","protected":false},"author":1,"featured_media":0,"parent":0,"menu_order":0,"comment_status":"closed","ping_status":"closed","template":"100-width.php","meta":{"footnotes":""},"class_list":["post-5852","page","type-page","status-publish","hentry"],"_links":{"self":[{"href":"https:\/\/astoras.com.tr\/fr\/wp-json\/wp\/v2\/pages\/5852","targetHints":{"allow":["GET"]}}],"collection":[{"href":"https:\/\/astoras.com.tr\/fr\/wp-json\/wp\/v2\/pages"}],"about":[{"href":"https:\/\/astoras.com.tr\/fr\/wp-json\/wp\/v2\/types\/page"}],"author":[{"embeddable":true,"href":"https:\/\/astoras.com.tr\/fr\/wp-json\/wp\/v2\/users\/1"}],"replies":[{"embeddable":true,"href":"https:\/\/astoras.com.tr\/fr\/wp-json\/wp\/v2\/comments?post=5852"}],"version-history":[{"count":43,"href":"https:\/\/astoras.com.tr\/fr\/wp-json\/wp\/v2\/pages\/5852\/revisions"}],"predecessor-version":[{"id":8109,"href":"https:\/\/astoras.com.tr\/fr\/wp-json\/wp\/v2\/pages\/5852\/revisions\/8109"}],"wp:attachment":[{"href":"https:\/\/astoras.com.tr\/fr\/wp-json\/wp\/v2\/media?parent=5852"}],"curies":[{"name":"wp","href":"https:\/\/api.w.org\/{rel}","templated":true}]}}