{"id":5219,"date":"2024-04-22T13:29:03","date_gmt":"2024-04-22T10:29:03","guid":{"rendered":"https:\/\/astoras.com.tr\/fr\/?page_id=5219"},"modified":"2024-07-09T15:58:43","modified_gmt":"2024-07-09T12:58:43","slug":"ressources-humanies","status":"publish","type":"page","link":"https:\/\/astoras.com.tr\/fr\/ressources-humanies\/","title":{"rendered":"Ressources Humanies"},"content":{"rendered":"<p><div class=\"fusion-fullwidth fullwidth-box fusion-builder-row-1 fusion-flex-container fusion-parallax-none nonhundred-percent-fullwidth non-hundred-percent-height-scrolling lazyload fusion-animated\" style=\"--awb-border-radius-top-left:0px;--awb-border-radius-top-right:0px;--awb-border-radius-bottom-right:0px;--awb-border-radius-bottom-left:0px;--awb-padding-top:200px;--awb-padding-bottom:0px;--awb-padding-right-medium:50px;--awb-padding-left-medium:50px;--awb-background-image:linear-gradient(180deg, var(--awb-color1) 0%,rgba(255,255,255,0) 15%);;--awb-background-size:cover;--awb-flex-wrap:wrap;\" data-bg=\"https:\/\/astoras.com.tr\/fr\/wp-content\/uploads\/2024\/05\/devam-eden-projectx-1-1024x656.png\" data-bg-gradient=\"linear-gradient(180deg, var(--awb-color1) 0%,rgba(255,255,255,0) 15%)\" data-animationType=\"fadeInUp\" data-animationDuration=\"0.3\" data-animationOffset=\"top-into-view\" ><div class=\"fusion-builder-row fusion-row fusion-flex-align-items-flex-start fusion-flex-content-wrap\" style=\"max-width:1216.8px;margin-left: calc(-4% \/ 2 );margin-right: calc(-4% \/ 2 );\"><div class=\"fusion-layout-column fusion_builder_column fusion-builder-column-0 fusion_builder_column_1_1 1_1 fusion-flex-column\" style=\"--awb-bg-size:cover;--awb-width-large:100%;--awb-margin-top-large:0px;--awb-spacing-right-large:1.92%;--awb-margin-bottom-large:20px;--awb-spacing-left-large:1.92%;--awb-width-medium:100%;--awb-order-medium:0;--awb-spacing-right-medium:1.92%;--awb-spacing-left-medium:1.92%;--awb-width-small:100%;--awb-order-small:0;--awb-spacing-right-small:1.92%;--awb-spacing-left-small:1.92%;\"><div class=\"fusion-column-wrapper fusion-column-has-shadow fusion-flex-justify-content-flex-start fusion-content-layout-column\"><div class=\"fusion-title title fusion-title-1 fusion-title-center fusion-title-text fusion-title-size-one\" style=\"--awb-margin-bottom:50px;--awb-font-size:var(--awb-typography1-font-size);\"><div class=\"title-sep-container title-sep-container-left\"><div class=\"title-sep sep- sep-solid\" style=\"border-color:var(--awb-color3);\"><\/div><\/div><span class=\"awb-title-spacer\"><\/span><h1 class=\"fusion-title-heading title-heading-center fusion-responsive-typography-calculated\" style=\"font-family:var(--awb-typography1-font-family);font-weight:var(--awb-typography1-font-weight);font-style:var(--awb-typography1-font-style);margin:0;font-size:1em;text-transform:var(--awb-typography1-text-transform);--fontSize:50;line-height:1.24;\">Ressources Humanies<\/p>\n<div id=\"gtx-trans\" style=\"position: absolute; left: 93px; top: -10.1408px;\">\n<div class=\"gtx-trans-icon\"><\/div>\n<\/div><\/h1><span class=\"awb-title-spacer\"><\/span><div class=\"title-sep-container title-sep-container-right\"><div class=\"title-sep sep- sep-solid\" style=\"border-color:var(--awb-color3);\"><\/div><\/div><\/div><\/div><\/div><div class=\"fusion-layout-column fusion_builder_column fusion-builder-column-1 fusion_builder_column_1_1 1_1 fusion-flex-column\" style=\"--awb-bg-blend:overlay;--awb-bg-size:cover;--awb-width-large:100%;--awb-margin-top-large:0px;--awb-spacing-right-large:1.92%;--awb-margin-bottom-large:0px;--awb-spacing-left-large:1.92%;--awb-width-medium:100%;--awb-spacing-right-medium:1.92%;--awb-spacing-left-medium:1.92%;--awb-width-small:100%;--awb-spacing-right-small:1.92%;--awb-spacing-left-small:1.92%;\"><div class=\"fusion-column-wrapper fusion-flex-justify-content-flex-start fusion-content-layout-column\"><div class=\"fusion-title title fusion-title-2 fusion-title-center fusion-title-text fusion-title-size-two\" style=\"--awb-text-color:var(--awb-color3);--awb-font-size:var(--awb-typography3-font-size);\"><div class=\"title-sep-container title-sep-container-left\"><div class=\"title-sep sep- sep-solid\" style=\"border-color:var(--awb-color3);\"><\/div><\/div><span class=\"awb-title-spacer\"><\/span><h2 class=\"fusion-title-heading title-heading-center fusion-responsive-typography-calculated\" style=\"font-family:var(--awb-typography3-font-family);font-weight:var(--awb-typography3-font-weight);font-style:var(--awb-typography3-font-style);margin:0;font-size:1em;letter-spacing:var(--awb-typography3-letter-spacing);text-transform:var(--awb-typography3-text-transform);--fontSize:18;--minFontSize:18;line-height:1.78;\"><p><strong>Notre Politique De Ressources Humaines<\/strong><\/p>\n<div id=\"gtx-trans\" style=\"position: absolute; left: 118px; top: 37.5508px;\">\n<div class=\"gtx-trans-icon\"><\/div>\n<\/div><\/h2><span class=\"awb-title-spacer\"><\/span><div class=\"title-sep-container title-sep-container-right\"><div class=\"title-sep sep- sep-solid\" style=\"border-color:var(--awb-color3);\"><\/div><\/div><\/div><div class=\"fusion-text fusion-text-1\" style=\"--awb-content-alignment:justify;--awb-text-color:var(--awb-color3);\"><p>La S.A. ASTOR Transformateurs doit son succ\u00e8s \u00e0 son personnel comp\u00e9tent. La S.A. ASTOR a toujours \u00e9t\u00e9 au sommet de son secteur gr\u00e2ce \u00e0 son exp\u00e9rience, \u00e0 son ouverture au d\u00e9veloppement et \u00e0 son personnel qui s\u2019est appropri\u00e9e la qualit\u00e9 dans tous les domaines. Travailler parall\u00e8lement \u00e0 la ligne droite de nos objectifs ensemble avec nos collaborateurs qui s&#8217;am\u00e9liorent constamment avec des formations aussi bien internes qu\u2019externes que nous organisons, toujours ouverts aux innovations tout en \u00e9tant conscients de l&#8217;importance du travail en \u00e9quipe, est la base de notre politique de ressources humaines.<\/p>\n<p>La satisfaction de ses employ\u00e9s est tr\u00e8s importante pour notre entreprise. Notre entreprise se d\u00e9veloppe constamment tout en visant \u00e0 \u00eatre la meilleure de son secteur avec des opportunit\u00e9s \u00e0 la fois sociales et \u00e9ducatives. Notre entreprise vise \u00e0 travailler dans un milieu paisible et heureux avec toutes les opportunit\u00e9s de service que nous offrons \u00e0 tous nos employ\u00e9s, une politique de r\u00e9mun\u00e9ration \u00e9quitable bas\u00e9e sur la performance et la s\u00e9curit\u00e9 sociale.<\/p>\n<p>Vous pouvez acc\u00e9der aux offres d&#8217;emploi actuelles de notre entreprise sur le site de Web\u00a0<span style=\"color: #ff0000;\"><a style=\"color: #ff0000;\" href=\"http:\/\/www.kariyer.net\/\">www.kariyer.net<\/a><\/span>, et envoyer votre e-mail \u00e0\u00a0l\u2019adresse suivante\u00a0<span style=\"color: #ff0000;\">\u00a0<\/span><a href=\"mailto:info@astoras.com.tr\"><span style=\"color: #ff0000;\">info@astoras.com.tr<\/span><\/a>.<\/p>\n<\/div><\/div><\/div><div class=\"fusion-layout-column fusion_builder_column fusion-builder-column-2 fusion_builder_column_1_1 1_1 fusion-flex-column\" style=\"--awb-padding-top:33px;--awb-padding-bottom:43px;--awb-bg-size:cover;--awb-width-large:100%;--awb-margin-top-large:0px;--awb-spacing-right-large:1.92%;--awb-margin-bottom-large:20px;--awb-spacing-left-large:1.92%;--awb-width-medium:100%;--awb-order-medium:0;--awb-spacing-right-medium:1.92%;--awb-spacing-left-medium:1.92%;--awb-width-small:100%;--awb-order-small:0;--awb-spacing-right-small:1.92%;--awb-spacing-left-small:1.92%;\"><div class=\"fusion-column-wrapper fusion-column-has-shadow fusion-flex-justify-content-center fusion-content-layout-row\"><div ><a class=\"fusion-button button-flat fusion-button-default-size button-default fusion-button-default button-1 fusion-button-default-span fusion-button-default-type\" style=\"--button-border-radius-top-left:24PX;--button-border-radius-top-right:24PX;--button-border-radius-bottom-right:24px;--button-border-radius-bottom-left:24px;--button_margin-top:5px;--button_margin-right:5PX;--button_margin-bottom:5px;--button_margin-left:5PX;\" target=\"_self\" href=\"https:\/\/astoras.com.tr\/fr\/is-basvurusu\/\"><span class=\"fusion-button-text\">Demande d&#8217;emploi<\/span><\/a><\/div><div ><a class=\"fusion-button button-flat fusion-button-default-size button-default fusion-button-default button-2 fusion-button-default-span fusion-button-default-type\" style=\"--button-border-radius-top-left:24PX;--button-border-radius-top-right:24PX;--button-border-radius-bottom-right:24px;--button-border-radius-bottom-left:24px;--button_margin-top:5px;--button_margin-right:5px;--button_margin-bottom:5px;--button_margin-left:5px;\" target=\"_self\" href=\"https:\/\/astoras.com.tr\/fr\/staj-basvurusu\"><span class=\"fusion-button-text\">Demande de stage<\/span><\/a><\/div><\/div><\/div><div class=\"fusion-layout-column fusion_builder_column fusion-builder-column-3 fusion_builder_column_1_1 1_1 fusion-flex-column\" style=\"--awb-bg-size:cover;--awb-width-large:100%;--awb-margin-top-large:0px;--awb-spacing-right-large:1.92%;--awb-margin-bottom-large:20px;--awb-spacing-left-large:1.92%;--awb-width-medium:100%;--awb-order-medium:0;--awb-spacing-right-medium:1.92%;--awb-spacing-left-medium:1.92%;--awb-width-small:100%;--awb-order-small:0;--awb-spacing-right-small:1.92%;--awb-spacing-left-small:1.92%;\"><div class=\"fusion-column-wrapper fusion-column-has-shadow fusion-flex-justify-content-flex-start fusion-content-layout-column\"><div class=\"fusion-title title fusion-title-3 fusion-title-center fusion-title-text fusion-title-size-two\" style=\"--awb-text-color:var(--awb-color3);--awb-font-size:var(--awb-typography3-font-size);\"><div class=\"title-sep-container title-sep-container-left\"><div class=\"title-sep sep- sep-solid\" style=\"border-color:var(--awb-color3);\"><\/div><\/div><span class=\"awb-title-spacer\"><\/span><h2 class=\"fusion-title-heading title-heading-center fusion-responsive-typography-calculated\" style=\"font-family:var(--awb-typography3-font-family);font-weight:var(--awb-typography3-font-weight);font-style:var(--awb-typography3-font-style);margin:0;font-size:1em;letter-spacing:var(--awb-typography3-letter-spacing);text-transform:var(--awb-typography3-text-transform);--fontSize:18;--minFontSize:18;line-height:1.78;\"><p><strong>\u00c9ducation<\/strong><\/p>\n<div id=\"gtx-trans\" style=\"position: absolute; left: 124px; top: -10.1408px;\">\n<div class=\"gtx-trans-icon\"><\/div>\n<\/div><\/h2><span class=\"awb-title-spacer\"><\/span><div class=\"title-sep-container title-sep-container-right\"><div class=\"title-sep sep- sep-solid\" style=\"border-color:var(--awb-color3);\"><\/div><\/div><\/div><div class=\"fusion-text fusion-text-2\" style=\"--awb-content-alignment:justify;--awb-text-color:var(--awb-color3);\"><p>Notre entreprise dispense des formations n\u00e9cessaires sur la Sant\u00e9 et la S\u00e9curit\u00e9 au Travail dans le processus d&#8217;adaptation en fonction du poste du personnel r\u00e9cemment recrut\u00e9. De plus, notre service des ressources humaines cr\u00e9e un programme de formation annuel en sollicitant des formations demand\u00e9es par le personnel des unit\u00e9s concern\u00e9es au d\u00e9but de chaque ann\u00e9e et tout en \u00e9valuant l&#8217;\u00e9volution du personnel. Il organise la r\u00e9alisation des formations des RH d\u2019apr\u00e8s un programme de formation annuel pr\u00e9cis. Nos formations sont con\u00e7ues en tant que des formations aussi bien internes qu\u2019externes. Nous donnons nos s\u00e9minaires et formations dans notre salle de formation d&#8217;une capacit\u00e9 de 150 personnes. De plus, les autorisations n\u00e9cessaires sont fournies gr\u00e2ce \u00e0 notre syst\u00e8me d\u2019encouragement pour le personnel qui souhaite poursuivre ses \u00e9tudes de troisi\u00e8me cycle. Accro\u00eetre la comp\u00e9tence de notre personnel est l&#8217;un des objectifs les plus importants de notre service des RH.<\/p>\n<\/div><div class=\"fusion-title title fusion-title-4 fusion-title-center fusion-title-text fusion-title-size-two\" style=\"--awb-text-color:var(--awb-color3);--awb-font-size:var(--awb-typography3-font-size);\"><div class=\"title-sep-container title-sep-container-left\"><div class=\"title-sep sep- sep-solid\" style=\"border-color:var(--awb-color3);\"><\/div><\/div><span class=\"awb-title-spacer\"><\/span><h2 class=\"fusion-title-heading title-heading-center fusion-responsive-typography-calculated\" style=\"font-family:var(--awb-typography3-font-family);font-weight:var(--awb-typography3-font-weight);font-style:var(--awb-typography3-font-style);margin:0;font-size:1em;letter-spacing:var(--awb-typography3-letter-spacing);text-transform:var(--awb-typography3-text-transform);--fontSize:18;--minFontSize:18;line-height:1.78;\"><p><strong>Programme De Stages<\/strong><\/p>\n<div id=\"gtx-trans\" style=\"position: absolute; left: 115px; top: 37.5508px;\">\n<div class=\"gtx-trans-icon\"><\/div>\n<\/div><\/h2><span class=\"awb-title-spacer\"><\/span><div class=\"title-sep-container title-sep-container-right\"><div class=\"title-sep sep- sep-solid\" style=\"border-color:var(--awb-color3);\"><\/div><\/div><\/div><div class=\"fusion-text fusion-text-3\" style=\"--awb-content-alignment:justify;--awb-text-color:var(--awb-color3);\"><p style=\"text-align: left;\">Les \u00e9l\u00e8ves qui souhaitent effectuer un stage obligatoire dans notre entreprise dans les services comp\u00e9tents du lyc\u00e9e professionnel et industriel doivent envoyer leurs candidatures tout en indiquant leurs demandes de stage sur&nbsp;:&nbsp;info@astoras.com.tr&nbsp;avec leurs CV. Les candidats au stage sont contact\u00e9s par le Service des RH, s&#8217;ils sont positifs, apr\u00e8s \u00e9valuation de leurs candidatures.<\/p>\n<\/div><\/div><\/div><\/div><\/div><div class=\"fusion-fullwidth fullwidth-box fusion-builder-row-2 fusion-flex-container has-pattern-background has-mask-background fusion-parallax-none hundred-percent-fullwidth hundred-percent-height hundred-percent-height-center-content non-hundred-percent-height-scrolling lazyload fusion-custom-z-index fusion-absolute-container fusion-absolute-position-small fusion-absolute-position-medium fusion-absolute-position-large\" style=\"--awb-border-radius-top-left:0px;--awb-border-radius-top-right:0px;--awb-border-radius-bottom-right:0px;--awb-border-radius-bottom-left:0px;--awb-z-index:99;--awb-padding-top:0px;--awb-padding-right:0px;--awb-padding-bottom:0px;--awb-padding-left:0px;--awb-margin-top:-100vh;--awb-margin-bottom:0px;--awb-background-size:cover;--awb-flex-wrap:wrap;--awb-filter:blur(8px);--awb-filter-transition:filter 0.3s ease;--awb-filter-hover:blur(0px);\" data-bg=\"https:\/\/astoras.com.tr\/fr\/wp-content\/uploads\/2024\/05\/devam-eden-projectx-1-1024x656.png\" ><div class=\"fusion-builder-row fusion-row fusion-flex-align-items-stretch fusion-flex-align-content-space-between fusion-flex-justify-content-space-around fusion-flex-content-wrap\" style=\"width:104% !important;max-width:104% !important;margin-left: calc(-4% \/ 2 );margin-right: calc(-4% \/ 2 );\"><div class=\"fusion-layout-column fusion_builder_column fusion-builder-column-4 fusion_builder_column_1_1 1_1 fusion-flex-column single_red_dot blurry_background_animation\" style=\"--awb-padding-top:0px;--awb-padding-right:0px;--awb-padding-bottom:00px;--awb-padding-left:0px;--awb-bg-image:radial-gradient(circle at right center, var(--awb-color4) 5%,rgba(255,255,255,0) 12%);--awb-bg-size:cover;--awb-width-large:100%;--awb-margin-top-large:0px;--awb-spacing-right-large:0px;--awb-margin-bottom-large:0px;--awb-spacing-left-large:0px;--awb-width-medium:100%;--awb-order-medium:0;--awb-spacing-right-medium:1.92%;--awb-spacing-left-medium:1.92%;--awb-width-small:100%;--awb-order-small:0;--awb-spacing-right-small:1.92%;--awb-spacing-left-small:1.92%;\"><div class=\"fusion-column-wrapper fusion-column-has-shadow fusion-flex-justify-content-flex-start fusion-content-layout-row\"><\/div><\/div><div class=\"fusion-layout-column fusion_builder_column fusion-builder-column-5 fusion_builder_column_1_1 1_1 fusion-flex-column single_red_dot blurry_background_animation\" style=\"--awb-padding-top:0px;--awb-padding-right:0px;--awb-padding-bottom:00px;--awb-padding-left:0px;--awb-bg-image:radial-gradient(circle at left center, var(--awb-color4) 5%,rgba(255,255,255,0) 12%);--awb-bg-size:cover;--awb-width-large:100%;--awb-margin-top-large:0px;--awb-spacing-right-large:0px;--awb-margin-bottom-large:0px;--awb-spacing-left-large:0px;--awb-width-medium:100%;--awb-order-medium:0;--awb-spacing-right-medium:1.92%;--awb-spacing-left-medium:1.92%;--awb-width-small:100%;--awb-order-small:0;--awb-spacing-right-small:1.92%;--awb-spacing-left-small:1.92%;\"><div class=\"fusion-column-wrapper fusion-column-has-shadow fusion-flex-justify-content-flex-start fusion-content-layout-row\"><\/div><\/div><\/div><\/div><\/p>\n","protected":false},"excerpt":{"rendered":"","protected":false},"author":1,"featured_media":0,"parent":0,"menu_order":0,"comment_status":"closed","ping_status":"closed","template":"100-width.php","meta":{"footnotes":""},"class_list":["post-5219","page","type-page","status-publish","hentry"],"_links":{"self":[{"href":"https:\/\/astoras.com.tr\/fr\/wp-json\/wp\/v2\/pages\/5219","targetHints":{"allow":["GET"]}}],"collection":[{"href":"https:\/\/astoras.com.tr\/fr\/wp-json\/wp\/v2\/pages"}],"about":[{"href":"https:\/\/astoras.com.tr\/fr\/wp-json\/wp\/v2\/types\/page"}],"author":[{"embeddable":true,"href":"https:\/\/astoras.com.tr\/fr\/wp-json\/wp\/v2\/users\/1"}],"replies":[{"embeddable":true,"href":"https:\/\/astoras.com.tr\/fr\/wp-json\/wp\/v2\/comments?post=5219"}],"version-history":[{"count":29,"href":"https:\/\/astoras.com.tr\/fr\/wp-json\/wp\/v2\/pages\/5219\/revisions"}],"predecessor-version":[{"id":8056,"href":"https:\/\/astoras.com.tr\/fr\/wp-json\/wp\/v2\/pages\/5219\/revisions\/8056"}],"wp:attachment":[{"href":"https:\/\/astoras.com.tr\/fr\/wp-json\/wp\/v2\/media?parent=5219"}],"curies":[{"name":"wp","href":"https:\/\/api.w.org\/{rel}","templated":true}]}}