{"id":5213,"date":"2024-04-22T13:26:57","date_gmt":"2024-04-22T10:26:57","guid":{"rendered":"https:\/\/astoras.com.tr\/fr\/?page_id=5213"},"modified":"2024-07-09T15:57:26","modified_gmt":"2024-07-09T12:57:26","slug":"a-propos-de-nous","status":"publish","type":"page","link":"https:\/\/astoras.com.tr\/fr\/a-propos-de-nous\/","title":{"rendered":"\u00c0 Propos de Nous"},"content":{"rendered":"<p><div class=\"fusion-fullwidth fullwidth-box fusion-builder-row-1 fusion-flex-container nonhundred-percent-fullwidth non-hundred-percent-height-scrolling fusion-animated\" style=\"--awb-border-radius-top-left:0px;--awb-border-radius-top-right:0px;--awb-border-radius-bottom-right:0px;--awb-border-radius-bottom-left:0px;--awb-padding-top:150px;--awb-padding-right:0px;--awb-padding-bottom:0px;--awb-padding-left:0px;--awb-padding-top-medium:5px;--awb-padding-right-medium:5px;--awb-padding-bottom-medium:5pxp;--awb-padding-left-medium:5px;--awb-padding-top-small:15px;--awb-padding-right-small:15px;--awb-padding-bottom-small:15px;--awb-padding-left-small:15px;--awb-margin-top:0px;--awb-margin-bottom:50px;--awb-flex-wrap:wrap;\" data-animationType=\"fadeInUp\" data-animationDuration=\"0.3\" data-animationOffset=\"top-into-view\" ><div class=\"fusion-builder-row fusion-row fusion-flex-align-items-center fusion-flex-justify-content-center fusion-flex-content-wrap\" style=\"max-width:1216.8px;margin-left: calc(-4% \/ 2 );margin-right: calc(-4% \/ 2 );\"><div class=\"fusion-layout-column fusion_builder_column fusion-builder-column-0 fusion_builder_column_1_2 1_2 fusion-flex-column fusion-flex-align-self-center\" style=\"--awb-padding-top-medium:0px;--awb-padding-right-medium:0px;--awb-padding-bottom-medium:0px;--awb-padding-left-medium:0px;--awb-padding-right-small:0px;--awb-bg-position:center center;--awb-bg-size:contain;--awb-width-large:50%;--awb-margin-top-large:0px;--awb-spacing-right-large:0px;--awb-margin-bottom-large:0px;--awb-spacing-left-large:0px;--awb-width-medium:100%;--awb-order-medium:0;--awb-margin-top-medium:0px;--awb-spacing-right-medium:24%;--awb-margin-bottom-medium:0px;--awb-spacing-left-medium:24%;--awb-width-small:100%;--awb-order-small:0;--awb-spacing-right-small:0%;--awb-margin-bottom-small:50px;--awb-spacing-left-small:0%;\"><div class=\"fusion-column-wrapper fusion-column-has-shadow fusion-flex-justify-content-center fusion-content-layout-column\"><div class=\"fusion-image-element sm-text-align-center\" style=\"--awb-margin-top:50px;--awb-margin-bottom:50px;--awb-margin-top-small:0px;--awb-margin-right-small:0px;--awb-margin-bottom-small:0px;--awb-margin-left-small:0px;--awb-caption-title-font-family:var(--h2_typography-font-family);--awb-caption-title-font-weight:var(--h2_typography-font-weight);--awb-caption-title-font-style:var(--h2_typography-font-style);--awb-caption-title-size:var(--h2_typography-font-size);--awb-caption-title-transform:var(--h2_typography-text-transform);--awb-caption-title-line-height:var(--h2_typography-line-height);--awb-caption-title-letter-spacing:var(--h2_typography-letter-spacing);\"><span class=\" fusion-imageframe imageframe-none imageframe-1 hover-type-none\" style=\"border-radius:12px;\"><img decoding=\"async\" width=\"813\" height=\"1024\" alt=\"hakk\u0131m\u0131zda\" title=\"about-us\" src=\"https:\/\/astoras.com.tr\/fr\/wp-content\/uploads\/2024\/06\/about-us-scaled.jpg\" data-orig-src=\"https:\/\/astoras.com.tr\/fr\/wp-content\/uploads\/2024\/06\/about-us-813x1024.jpg\" class=\"lazyload img-responsive wp-image-7817\" srcset=\"data:image\/svg+xml,%3Csvg%20xmlns%3D%27http%3A%2F%2Fwww.w3.org%2F2000%2Fsvg%27%20width%3D%272032%27%20height%3D%272560%27%20viewBox%3D%270%200%202032%202560%27%3E%3Crect%20width%3D%272032%27%20height%3D%272560%27%20fill-opacity%3D%220%22%2F%3E%3C%2Fsvg%3E\" data-srcset=\"https:\/\/astoras.com.tr\/fr\/wp-content\/uploads\/2024\/06\/about-us-200x252.jpg 200w, https:\/\/astoras.com.tr\/fr\/wp-content\/uploads\/2024\/06\/about-us-400x504.jpg 400w, https:\/\/astoras.com.tr\/fr\/wp-content\/uploads\/2024\/06\/about-us-600x756.jpg 600w, https:\/\/astoras.com.tr\/fr\/wp-content\/uploads\/2024\/06\/about-us-800x1008.jpg 800w, https:\/\/astoras.com.tr\/fr\/wp-content\/uploads\/2024\/06\/about-us-1200x1512.jpg 1200w\" data-sizes=\"auto\" data-orig-sizes=\"(max-width: 1024px) 100vw, (max-width: 640px) 100vw, 600px\" \/><\/span><\/div><\/div><\/div><div class=\"fusion-layout-column fusion_builder_column fusion-builder-column-1 fusion_builder_column_1_2 1_2 fusion-flex-column fusion-flex-align-self-center\" style=\"--awb-padding-left:60px;--awb-padding-right-medium:50px;--awb-padding-left-medium:50px;--awb-bg-size:cover;--awb-width-large:50%;--awb-margin-top-large:0px;--awb-spacing-right-large:3.84%;--awb-margin-bottom-large:20px;--awb-spacing-left-large:3.84%;--awb-width-medium:100%;--awb-order-medium:0;--awb-margin-top-medium:50px;--awb-spacing-right-medium:1.92%;--awb-spacing-left-medium:1.92%;--awb-width-small:100%;--awb-order-small:0;--awb-spacing-right-small:1.92%;--awb-spacing-left-small:1.92%;\"><div class=\"fusion-column-wrapper fusion-column-has-shadow fusion-flex-justify-content-flex-start fusion-content-layout-column\"><div class=\"fusion-title title fusion-title-1 fusion-title-text fusion-title-size-one\" style=\"--awb-font-size:var(--awb-typography1-font-size);\"><div class=\"title-sep-container title-sep-container-left fusion-no-large-visibility fusion-no-medium-visibility fusion-no-small-visibility\"><div class=\"title-sep sep- sep-solid\" style=\"border-color:var(--awb-color3);\"><\/div><\/div><span class=\"awb-title-spacer fusion-no-large-visibility fusion-no-medium-visibility fusion-no-small-visibility\"><\/span><h1 class=\"fusion-title-heading title-heading-left fusion-responsive-typography-calculated\" style=\"font-family:var(--awb-typography1-font-family);font-weight:var(--awb-typography1-font-weight);font-style:var(--awb-typography1-font-style);margin:0;font-size:1em;letter-spacing:var(--awb-typography1-letter-spacing);text-transform:var(--awb-typography1-text-transform);--fontSize:50;line-height:0.7;\"><p><strong>\u00c0 Propos de Nous<\/strong><\/p>\n<div id=\"gtx-trans\" style=\"position: absolute; left: 24px; top: 37.5508px;\">\n<div class=\"gtx-trans-icon\"><\/div>\n<\/div><\/h1><span class=\"awb-title-spacer\"><\/span><div class=\"title-sep-container title-sep-container-right\"><div class=\"title-sep sep- sep-solid\" style=\"border-color:var(--awb-color3);\"><\/div><\/div><\/div><div class=\"fusion-text fusion-text-1\" style=\"--awb-content-alignment:justify;--awb-text-color:var(--awb-color3);\"><p>La S.A. ASTOR Transformateurs est une grande entreprise innovante \u00e0 l\u2019\u00e9chelle mondiale qui oriente le secteur de l&#8217;industrie de fabrication \u00e9lectrom\u00e9canique gr\u00e2ce \u00e0 sa grande exp\u00e9rience professionnelle et \u00e0 son savoir-faire de plus de 35 ans et qui repr\u00e9sente \u00e9galement avec succ\u00e8s notre pays dans le Monde entier. Notre entreprise, qui vise \u00e0 contribuer au secteur en transf\u00e9rant notre exp\u00e9rience, notre production et notre compr\u00e9hension de la qualit\u00e9 \u00e0 la production de Produits de Commutation de moyenne tension et de Centres de Transformateurs compacts, a commenc\u00e9 sa production et la vente de Produits de Commutation de moyenne tension et de Centres de transformateurs compacts tout en remplissant toutes les certifications n\u00e9cessaires.<\/p>\n<p>Op\u00e9rant \u00e0 Ankara en 2e OSB en 2016, dans notre nouvelle usine \u00e9quip\u00e9e de tout genre d\u2019\u00e9quipements et de machines des derni\u00e8res technologies de pointe, sur une zone ouverte en plein air de 140.000 m2, avec une superficie enferm\u00e9e de 80.000m2, avec la fabrication de Transformateurs de distribution du type \u00e0 huile, Transformateurs du type sec en r\u00e9sine coul\u00e9e, Transformateurs de Puissance, Produits de Commutation de moyenne tension, de ses Centres de Transformateurs compacts et de RMU, Metal Clad fait actuellement de l\u2019export vers plus de 60 pays\u00a0<a name=\"_Hlk99638784\"><\/a>dans le \u00a0Monde entier.<\/p>\n<p>Notre objectif principal est d&#8217;offrir des produits de haute qualit\u00e9 \u00e0 nos clients et d&#8217;augmenter notre capacit\u00e9 de production tout en suivant de tout pr\u00e8s toutes les \u00e9volutions technologiques de pointe et de maximiser la satisfaction client\u00e8le au plus haut niveau gr\u00e2ce \u00e0 la qualit\u00e9 de notre service apr\u00e8s-vente.<\/p>\n<p>Disposant de tous les certificats de qualit\u00e9 n\u00e9cessaires \u00e0 la production et \u00e0 nos produits, La S.A ASTOR Transformateurs continue de travailler de toutes ses forces gr\u00e2ce \u00e0 son personnel \u00e0 la fois technique, administratif qui est expert en la mati\u00e8re, attachant beaucoup d\u2019importance \u00e0 la qualit\u00e9, avec un esprit ouvert au d\u00e9veloppement dans le cadre de son objectif de croissance focalis\u00e9 sur l&#8217;Ar-Ge (Recherches &amp; D\u00e9veloppements).<\/p>\n<\/div><\/div><\/div><\/div><\/div><div class=\"fusion-fullwidth fullwidth-box fusion-builder-row-2 fusion-flex-container has-pattern-background has-mask-background fusion-parallax-none hundred-percent-fullwidth hundred-percent-height hundred-percent-height-center-content non-hundred-percent-height-scrolling lazyload fusion-custom-z-index fusion-absolute-container fusion-absolute-position-small fusion-absolute-position-medium fusion-absolute-position-large\" style=\"--awb-border-radius-top-left:0px;--awb-border-radius-top-right:0px;--awb-border-radius-bottom-right:0px;--awb-border-radius-bottom-left:0px;--awb-z-index:99;--awb-padding-top:0px;--awb-padding-right:0px;--awb-padding-bottom:0px;--awb-padding-left:0px;--awb-margin-top:-100vh;--awb-margin-bottom:0px;--awb-background-size:cover;--awb-flex-wrap:wrap;--awb-filter:blur(8px);--awb-filter-transition:filter 0.3s ease;--awb-filter-hover:blur(0px);\" data-bg=\"https:\/\/astoras.com.tr\/fr\/wp-content\/uploads\/2024\/05\/devam-eden-projectx-1-1024x656.png\" ><div class=\"fusion-builder-row fusion-row fusion-flex-align-items-stretch fusion-flex-align-content-space-between fusion-flex-justify-content-space-around fusion-flex-content-wrap\" style=\"width:104% !important;max-width:104% !important;margin-left: calc(-4% \/ 2 );margin-right: calc(-4% \/ 2 );\"><div class=\"fusion-layout-column fusion_builder_column fusion-builder-column-2 fusion_builder_column_1_1 1_1 fusion-flex-column single_red_dot blurry_background_animation\" style=\"--awb-padding-top:0px;--awb-padding-right:0px;--awb-padding-bottom:00px;--awb-padding-left:0px;--awb-bg-image:radial-gradient(circle at right center, var(--awb-color4) 5%,rgba(255,255,255,0) 12%);--awb-bg-size:cover;--awb-width-large:100%;--awb-margin-top-large:0px;--awb-spacing-right-large:0px;--awb-margin-bottom-large:0px;--awb-spacing-left-large:0px;--awb-width-medium:100%;--awb-order-medium:0;--awb-spacing-right-medium:1.92%;--awb-spacing-left-medium:1.92%;--awb-width-small:100%;--awb-order-small:0;--awb-spacing-right-small:1.92%;--awb-spacing-left-small:1.92%;\"><div class=\"fusion-column-wrapper fusion-column-has-shadow fusion-flex-justify-content-flex-start fusion-content-layout-row\"><\/div><\/div><div class=\"fusion-layout-column fusion_builder_column fusion-builder-column-3 fusion_builder_column_1_1 1_1 fusion-flex-column single_red_dot blurry_background_animation\" style=\"--awb-padding-top:0px;--awb-padding-right:0px;--awb-padding-bottom:00px;--awb-padding-left:0px;--awb-bg-image:radial-gradient(circle at left center, var(--awb-color4) 5%,rgba(255,255,255,0) 12%);--awb-bg-size:cover;--awb-width-large:100%;--awb-margin-top-large:0px;--awb-spacing-right-large:0px;--awb-margin-bottom-large:0px;--awb-spacing-left-large:0px;--awb-width-medium:100%;--awb-order-medium:0;--awb-spacing-right-medium:1.92%;--awb-spacing-left-medium:1.92%;--awb-width-small:100%;--awb-order-small:0;--awb-spacing-right-small:1.92%;--awb-spacing-left-small:1.92%;\"><div class=\"fusion-column-wrapper fusion-column-has-shadow fusion-flex-justify-content-flex-start fusion-content-layout-row\"><\/div><\/div><\/div><\/div><div class=\"fusion-fullwidth fullwidth-box fusion-builder-row-3 fusion-flex-container has-pattern-background has-mask-background nonhundred-percent-fullwidth non-hundred-percent-height-scrolling fusion-animated\" style=\"--awb-border-radius-top-left:0px;--awb-border-radius-top-right:0px;--awb-border-radius-bottom-right:0px;--awb-border-radius-bottom-left:0px;--awb-background-image:radial-gradient(circle at right center, var(--awb-color4) 5%,rgba(255,255,255,0) 15%);--awb-flex-wrap:wrap;\" data-animationType=\"fadeInUp\" data-animationDuration=\"0.3\" data-animationOffset=\"top-into-view\" ><div class=\"fusion-builder-row fusion-row fusion-flex-align-items-center fusion-flex-justify-content-center fusion-flex-content-wrap\" style=\"max-width:1216.8px;margin-left: calc(-4% \/ 2 );margin-right: calc(-4% \/ 2 );\"><div class=\"fusion-layout-column fusion_builder_column fusion-builder-column-4 fusion_builder_column_1_1 1_1 fusion-flex-column fusion-flex-align-self-center\" style=\"--awb-padding-top:100px;--awb-padding-right:100px;--awb-padding-bottom:100px;--awb-padding-left:100px;--awb-padding-top-medium:50px;--awb-padding-right-medium:50px;--awb-padding-bottom-medium:50px;--awb-padding-left-medium:50px;--awb-padding-top-small:24px;--awb-padding-right-small:24px;--awb-padding-bottom-small:24px;--awb-padding-left-small:24px;--awb-bg-size:cover;--awb-width-large:100%;--awb-margin-top-large:0px;--awb-spacing-right-large:1.92%;--awb-margin-bottom-large:20px;--awb-spacing-left-large:1.92%;--awb-width-medium:100%;--awb-order-medium:0;--awb-spacing-right-medium:1.92%;--awb-spacing-left-medium:1.92%;--awb-width-small:100%;--awb-order-small:0;--awb-spacing-right-small:1.92%;--awb-spacing-left-small:1.92%;\"><div class=\"fusion-column-wrapper fusion-column-has-shadow fusion-flex-justify-content-flex-start fusion-content-layout-column\"><div class=\"fusion-video fusion-youtube\" style=\"--awb-max-width:1920px;--awb-max-height:1080px;\"><div class=\"video-shortcode\"><lite-youtube videoid=\"_8uj01EPuIA\" class=\"landscape\" params=\"wmode=transparent&autoplay=1&enablejsapi=1\" title=\"YouTube video player 1\" width=\"1920\" height=\"1080\" data-thumbnail-size=\"auto\"><\/lite-youtube><\/div><\/div><\/div><\/div><\/div><\/div><\/p>\n","protected":false},"excerpt":{"rendered":"","protected":false},"author":1,"featured_media":0,"parent":0,"menu_order":0,"comment_status":"closed","ping_status":"closed","template":"100-width.php","meta":{"footnotes":""},"class_list":["post-5213","page","type-page","status-publish","hentry"],"_links":{"self":[{"href":"https:\/\/astoras.com.tr\/fr\/wp-json\/wp\/v2\/pages\/5213","targetHints":{"allow":["GET"]}}],"collection":[{"href":"https:\/\/astoras.com.tr\/fr\/wp-json\/wp\/v2\/pages"}],"about":[{"href":"https:\/\/astoras.com.tr\/fr\/wp-json\/wp\/v2\/types\/page"}],"author":[{"embeddable":true,"href":"https:\/\/astoras.com.tr\/fr\/wp-json\/wp\/v2\/users\/1"}],"replies":[{"embeddable":true,"href":"https:\/\/astoras.com.tr\/fr\/wp-json\/wp\/v2\/comments?post=5213"}],"version-history":[{"count":45,"href":"https:\/\/astoras.com.tr\/fr\/wp-json\/wp\/v2\/pages\/5213\/revisions"}],"predecessor-version":[{"id":8055,"href":"https:\/\/astoras.com.tr\/fr\/wp-json\/wp\/v2\/pages\/5213\/revisions\/8055"}],"wp:attachment":[{"href":"https:\/\/astoras.com.tr\/fr\/wp-json\/wp\/v2\/media?parent=5213"}],"curies":[{"name":"wp","href":"https:\/\/api.w.org\/{rel}","templated":true}]}}